{"id":1455,"date":"2023-04-24T11:03:02","date_gmt":"2023-04-24T11:03:02","guid":{"rendered":"https:\/\/bicibus.eu\/?page_id=1455"},"modified":"2024-04-02T14:03:32","modified_gmt":"2024-04-02T14:03:32","slug":"app","status":"publish","type":"page","link":"https:\/\/bicibus.eu\/ca\/app\/","title":{"rendered":"bicibus.app"},"content":{"rendered":"<div class=\"wp-block-group is-layout-constrained wp-block-group-is-layout-constrained\">\n<h2 class=\"wp-block-heading has-text-align-left has-primary-color has-text-color has-link-color wp-elements-02082d353c08df6ec05d90b4952d073e\" id=\"h-la-revolucionaria-aplicacion-que-transforma-la-gestion-de-proyectos-de-bicibus\">La revolucion\u00e0ria aplicaci\u00f3 que transforma la gesti\u00f3 de projectes de bicib\u00fas<\/h2>\n\n\n\n<p class=\"has-medium-font-size\">Est\u00e0s preparat per portar el teu projecte de bicib\u00fas al seg\u00fcent nivell? <\/p>\n\n\n\n<p class=\"has-medium-font-size\">Presentem <strong>bicibus.app<\/strong>, l&#039;aplicaci\u00f3 innovadora que us permet gestionar l\u00ednies de bicib\u00fas, inscripcions i visualitzar l&#039;impacte del vostre projecte de manera eficient i senzilla. Uneix-te a les m\u00e9s de 1.800 persones que ja han experimentat els beneficis d&#039;aquesta eina incre\u00efble!<br><\/p>\n\n\n\n<h3 class=\"wp-block-heading has-primary-color has-text-color has-link-color wp-elements-9230d03ca6713c7722e49cd547a19b77\" id=\"h-utilizada-y-recomendada-por-mas-de-50-centros-educativos\" style=\"margin-top:var(--wp--preset--spacing--40);margin-bottom:var(--wp--preset--spacing--40);text-transform:none\">Utilitzada i recomanada per m\u00e9s de 50 centres educatius<\/h3>\n\n\n\n<p class=\"has-medium-font-size\">Actualment, bicibus.app \u00e9s utilitzada amb \u00e8xit per m\u00e9s de 50 centres educatius que han transformat la seva mobilitat sostenible gr\u00e0cies a les seves m\u00faltiples funcionalitats. Amb aquesta aplicaci\u00f3, podr\u00e0s visualitzar rutes, parades i horaris, gestionar inscripcions i accedir a estad\u00edstiques valuoses per millorar i expandir el teu projecte.<\/p>\n\n\n\n<p><\/p>\n\n\n\n<h3 class=\"wp-block-heading has-primary-color has-text-color has-link-color wp-elements-c85268bb3a1cfe1bd97607bcb92da7a4\" id=\"h-personalizacion-a-medida-adaptala-a-municipios-regiones-o-paises-enteros\" style=\"margin-top:var(--wp--preset--spacing--30);margin-bottom:var(--wp--preset--spacing--30);text-transform:none\">Personalitzaci\u00f3 a mida: Adapta-la a municipis, regions o pa\u00efsos sencers!<\/h3>\n\n\n\n<p class=\"has-medium-font-size\">Necessites una soluci\u00f3 personalitzada pel teu projecte? Cap problema! bicibus.app ofereix la possibilitat d&#039;adaptar l&#039;aplicaci\u00f3 a les necessitats espec\u00edfiques de municipis, regions o fins i tot pa\u00efsos sencers. Tu hi poses els l\u00edmits!<\/p>\n\n\n\n<div style=\"height:35px\" aria-hidden=\"true\" class=\"wp-block-spacer\"><\/div>\n\n\n\n<h2 class=\"wp-block-heading has-primary-color has-text-color has-link-color wp-elements-29592c81b48e8d955e4d7496fcb8959b\" style=\"text-transform:none\">Caracter\u00edstiques principals que us encantaran<\/h2>\n\n\n\n<div class=\"wp-block-columns is-layout-flex wp-container-core-columns-is-layout-5da724a2 wp-block-columns-is-layout-flex\" style=\"margin-top:var(--wp--preset--spacing--40)\">\n<div class=\"wp-block-column is-layout-flow wp-block-column-is-layout-flow\">\n<div class=\"wp-block-group has-background-alt-background-color has-background is-layout-constrained wp-container-core-group-is-layout-b9456095 wp-block-group-is-layout-constrained\" style=\"border-radius:6px;padding-top:var(--wp--preset--spacing--60);padding-right:var(--wp--preset--spacing--40);padding-bottom:var(--wp--preset--spacing--60);padding-left:var(--wp--preset--spacing--40)\">\n<div class=\"wp-block-group is-nowrap is-layout-flex wp-container-core-group-is-layout-375b6874 wp-block-group-is-layout-flex\" style=\"margin-top:var(--wp--preset--spacing--60)\">\n<div class=\"wp-block-group is-vertical is-layout-flex wp-container-core-group-is-layout-98bb686d wp-block-group-is-layout-flex\">\n<h3 class=\"wp-block-heading is-style-default has-primary-color has-text-color has-link-color wp-elements-970436532a6e0075e14cf32596f63fbc\" style=\"text-transform:none\">Activaci\u00f3 de rutes, parades i horaris<\/h3>\n\n\n\n<p class=\"has-black-color has-text-color has-link-color has-small-font-size wp-elements-1087201caa5a42da5069ed406ad67a9a\">Configura f\u00e0cilment les rutes i horaris del teu bicib\u00fas per mantenir tots els participants informats i actualitzats.<\/p>\n<\/div>\n<\/div>\n<\/div>\n<\/div>\n\n\n\n<div class=\"wp-block-column is-layout-flow wp-block-column-is-layout-flow\">\n<div class=\"wp-block-group has-background-alt-background-color has-background is-layout-constrained wp-container-core-group-is-layout-b9456095 wp-block-group-is-layout-constrained\" style=\"border-radius:6px;padding-top:var(--wp--preset--spacing--60);padding-right:var(--wp--preset--spacing--40);padding-bottom:var(--wp--preset--spacing--60);padding-left:var(--wp--preset--spacing--40)\">\n<div class=\"wp-block-group is-nowrap is-layout-flex wp-container-core-group-is-layout-375b6874 wp-block-group-is-layout-flex\" style=\"margin-top:var(--wp--preset--spacing--60)\">\n<div class=\"wp-block-group is-vertical is-layout-flex wp-container-core-group-is-layout-98bb686d wp-block-group-is-layout-flex\">\n<h3 class=\"wp-block-heading has-primary-color has-text-color has-link-color wp-elements-57b3d71d03bd6897edcbb3de06bab66e\" style=\"text-transform:none\">Sistema d&#039;inscripcions i autoritzacions<\/h3>\n\n\n\n<p class=\"has-black-color has-text-color has-link-color has-small-font-size wp-elements-3f7d613ea6a5ddeeb20ae2170938c2df\">Gestiona eficientment les inscripcions i les autoritzacions dels participants, facilitant l&#039;organitzaci\u00f3 del projecte.<\/p>\n<\/div>\n<\/div>\n<\/div>\n<\/div>\n\n\n\n<div class=\"wp-block-column is-layout-flow wp-block-column-is-layout-flow\">\n<div class=\"wp-block-group has-background-alt-background-color has-background is-layout-constrained wp-container-core-group-is-layout-b9456095 wp-block-group-is-layout-constrained\" style=\"border-radius:6px;padding-top:var(--wp--preset--spacing--60);padding-right:var(--wp--preset--spacing--40);padding-bottom:var(--wp--preset--spacing--60);padding-left:var(--wp--preset--spacing--40)\">\n<div class=\"wp-block-group is-nowrap is-layout-flex wp-container-core-group-is-layout-375b6874 wp-block-group-is-layout-flex\" style=\"margin-top:var(--wp--preset--spacing--60)\">\n<div class=\"wp-block-group is-vertical is-layout-flex wp-container-core-group-is-layout-98bb686d wp-block-group-is-layout-flex\">\n<h3 class=\"wp-block-heading has-primary-color has-text-color has-link-color wp-elements-9603b4f106fe10842beeb4197832fec3\" style=\"text-transform:none\">Enviament de correus de benvinguda<\/h3>\n\n\n\n<p class=\"has-black-color has-text-color has-link-color has-small-font-size wp-elements-b699cb51d0034f5b4826254209d2139e\">D\u00f3na la benvinguda autom\u00e0ticament a nous membres, creant una comunitat unida i compromesa.<\/p>\n<\/div>\n<\/div>\n<\/div>\n<\/div>\n<\/div>\n\n\n\n<div class=\"wp-block-columns is-layout-flex wp-container-core-columns-is-layout-5da724a2 wp-block-columns-is-layout-flex\" style=\"margin-top:var(--wp--preset--spacing--40)\">\n<div class=\"wp-block-column is-layout-flow wp-block-column-is-layout-flow\">\n<div class=\"wp-block-group has-background-alt-background-color has-background is-layout-constrained wp-container-core-group-is-layout-b9456095 wp-block-group-is-layout-constrained\" style=\"border-radius:6px;padding-top:var(--wp--preset--spacing--60);padding-right:var(--wp--preset--spacing--40);padding-bottom:var(--wp--preset--spacing--60);padding-left:var(--wp--preset--spacing--40)\">\n<div class=\"wp-block-group is-nowrap is-layout-flex wp-container-core-group-is-layout-375b6874 wp-block-group-is-layout-flex\" style=\"margin-top:var(--wp--preset--spacing--60)\">\n<div class=\"wp-block-group is-vertical is-layout-flex wp-container-core-group-is-layout-98bb686d wp-block-group-is-layout-flex\">\n<h3 class=\"wp-block-heading is-style-default has-primary-color has-text-color has-link-color wp-elements-e9e2844ec57063563741d3a9ad84e5d2\" style=\"text-transform:none\">Passar llista i av\u00eds d&#039;arribada a l&#039;escola<\/h3>\n\n\n\n<p class=\"has-black-color has-text-color has-link-color has-small-font-size wp-elements-e3acb78e196884140fffee8c503ce3f1\">Mantingues un registre de l&#039;assist\u00e8ncia i notifica l&#039;arribada a l&#039;escola de manera r\u00e0pida i senzilla.<\/p>\n<\/div>\n<\/div>\n<\/div>\n<\/div>\n\n\n\n<div class=\"wp-block-column is-layout-flow wp-block-column-is-layout-flow\">\n<div class=\"wp-block-group has-background-alt-background-color has-background is-layout-constrained wp-container-core-group-is-layout-b9456095 wp-block-group-is-layout-constrained\" style=\"border-radius:6px;padding-top:var(--wp--preset--spacing--60);padding-right:var(--wp--preset--spacing--40);padding-bottom:var(--wp--preset--spacing--60);padding-left:var(--wp--preset--spacing--40)\">\n<div class=\"wp-block-group is-nowrap is-layout-flex wp-container-core-group-is-layout-375b6874 wp-block-group-is-layout-flex\" style=\"margin-top:var(--wp--preset--spacing--60)\">\n<div class=\"wp-block-group is-vertical is-layout-flex wp-container-core-group-is-layout-98bb686d wp-block-group-is-layout-flex\">\n<h3 class=\"wp-block-heading has-primary-color has-text-color has-link-color wp-elements-6bab69fb563fc90f2db88ad2e02b4c0c\" style=\"text-transform:none\">Acc\u00e9s a recursos i enlla\u00e7os<\/h3>\n\n\n\n<p class=\"has-black-color has-text-color has-link-color has-small-font-size wp-elements-38b0a4becd64b2ed9de5f6b9b51f85d5\">Facilita l&#039;acc\u00e9s a recursos \u00fatils i enlla\u00e7os per mantenir tots informats i motivats.<\/p>\n<\/div>\n<\/div>\n<\/div>\n<\/div>\n\n\n\n<div class=\"wp-block-column is-layout-flow wp-block-column-is-layout-flow\">\n<div class=\"wp-block-group has-background-alt-background-color has-background is-layout-constrained wp-container-core-group-is-layout-b9456095 wp-block-group-is-layout-constrained\" style=\"border-radius:6px;padding-top:var(--wp--preset--spacing--60);padding-right:var(--wp--preset--spacing--40);padding-bottom:var(--wp--preset--spacing--60);padding-left:var(--wp--preset--spacing--40)\">\n<div class=\"wp-block-group is-nowrap is-layout-flex wp-container-core-group-is-layout-375b6874 wp-block-group-is-layout-flex\" style=\"margin-top:var(--wp--preset--spacing--60)\">\n<div class=\"wp-block-group is-vertical is-layout-flex wp-container-core-group-is-layout-98bb686d wp-block-group-is-layout-flex\">\n<h3 class=\"wp-block-heading has-primary-color has-text-color has-link-color wp-elements-4b215ca8a0ae745f50f81b241002a6f1\" style=\"text-transform:none\">Dades estad\u00edstiques<\/h3>\n\n\n\n<p class=\"has-black-color has-text-color has-link-color has-small-font-size wp-elements-a93bea8c19765008556594edc6b02eb2\">Monitoritza l&#039;impacte del teu projecte amb dades precises i \u00fatils per impulsar millores i canvis.<\/p>\n<\/div>\n<\/div>\n<\/div>\n<\/div>\n<\/div>\n\n\n\n<p><\/p>\n<\/div>\n\n\n\n<div id=\"comomontamos\" class=\"wp-block-group has-background-background-color has-background is-layout-constrained wp-container-core-group-is-layout-153cb0c2 wp-block-group-is-layout-constrained\" style=\"border-radius:20px;margin-top:var(--wp--preset--spacing--50);margin-bottom:var(--wp--preset--spacing--50);padding-top:var(--wp--preset--spacing--60);padding-right:var(--wp--preset--spacing--50);padding-bottom:var(--wp--preset--spacing--60);padding-left:var(--wp--preset--spacing--50)\"><\/div>","protected":false},"excerpt":{"rendered":"<p>La revolucion\u00e0ria aplicaci\u00f3 que transforma la gesti\u00f3 de projectes de bicib\u00fas Est\u00e0s llest per portar el teu projecte de bicib\u00fas al nivell seg\u00fcent? Presentem bicibus.app, l&#039;aplicaci\u00f3 innovadora que\u2026<\/p>","protected":false},"author":1,"featured_media":1463,"parent":0,"menu_order":0,"comment_status":"closed","ping_status":"closed","template":"","meta":{"_acf_changed":false,"_joinchat":[],"footnotes":""},"categories":[],"tags":[],"class_list":["post-1455","page","type-page","status-publish","has-post-thumbnail","hentry"],"acf":[],"yoast_head":"<!-- This site is optimized with the Yoast SEO Premium plugin v20.7 (Yoast SEO v22.3) - https:\/\/yoast.com\/wordpress\/plugins\/seo\/ -->\n<title>Bicib\u00fas APP - Aplicaci\u00f3n para gestionar un bicib\u00fas<\/title>\n<meta name=\"description\" content=\"bicibus.app. La aplicaci\u00f3n que te permitir\u00e1 gestionar l\u00edneas de bicib\u00fas, inscripciones y visualizar los datos de impacto del proyecto.\" \/>\n<meta name=\"robots\" content=\"index, follow, max-snippet:-1, max-image-preview:large, max-video-preview:-1\" \/>\n<link rel=\"canonical\" href=\"https:\/\/bicibus.eu\/ca\/app\/\" \/>\n<meta property=\"og:locale\" content=\"ca_ES\" \/>\n<meta property=\"og:type\" content=\"article\" \/>\n<meta property=\"og:title\" content=\"bicibus.app\" \/>\n<meta property=\"og:description\" content=\"bicibus.app. La aplicaci\u00f3n que te permitir\u00e1 gestionar l\u00edneas de bicib\u00fas, inscripciones y visualizar los datos de impacto del proyecto.\" \/>\n<meta property=\"og:url\" content=\"https:\/\/bicibus.eu\/ca\/app\/\" \/>\n<meta property=\"og:site_name\" content=\"Bicib\u00fas\" \/>\n<meta property=\"article:modified_time\" content=\"2024-04-02T14:03:32+00:00\" \/>\n<meta property=\"og:image\" content=\"https:\/\/bicibus.eu\/wp-content\/uploads\/2023\/04\/bicibus.online__7_-removebg.png\" \/>\n\t<meta property=\"og:image:width\" content=\"1600\" \/>\n\t<meta property=\"og:image:height\" content=\"900\" \/>\n\t<meta property=\"og:image:type\" content=\"image\/png\" \/>\n<meta name=\"twitter:card\" content=\"summary_large_image\" \/>\n<meta name=\"twitter:site\" content=\"@bicibus_eu\" \/>\n<meta name=\"twitter:label1\" content=\"Temps estimat de lectura\" \/>\n\t<meta name=\"twitter:data1\" content=\"2 minuts\" \/>\n<script type=\"application\/ld+json\" class=\"yoast-schema-graph\">{\"@context\":\"https:\/\/schema.org\",\"@graph\":[{\"@type\":\"WebPage\",\"@id\":\"https:\/\/bicibus.eu\/app\/\",\"url\":\"https:\/\/bicibus.eu\/app\/\",\"name\":\"Bicib\u00fas APP - Aplicaci\u00f3n para gestionar un bicib\u00fas\",\"isPartOf\":{\"@id\":\"https:\/\/bicibus.eu\/es\/#website\"},\"primaryImageOfPage\":{\"@id\":\"https:\/\/bicibus.eu\/app\/#primaryimage\"},\"image\":{\"@id\":\"https:\/\/bicibus.eu\/app\/#primaryimage\"},\"thumbnailUrl\":\"https:\/\/bicibus.eu\/wp-content\/uploads\/2023\/04\/bicibus.online__7_-removebg.png\",\"datePublished\":\"2023-04-24T11:03:02+00:00\",\"dateModified\":\"2024-04-02T14:03:32+00:00\",\"description\":\"bicibus.app. La aplicaci\u00f3n que te permitir\u00e1 gestionar l\u00edneas de bicib\u00fas, inscripciones y visualizar los datos de impacto del proyecto.\",\"breadcrumb\":{\"@id\":\"https:\/\/bicibus.eu\/app\/#breadcrumb\"},\"inLanguage\":\"ca\",\"potentialAction\":[{\"@type\":\"ReadAction\",\"target\":[\"https:\/\/bicibus.eu\/app\/\"]}]},{\"@type\":\"ImageObject\",\"inLanguage\":\"ca\",\"@id\":\"https:\/\/bicibus.eu\/app\/#primaryimage\",\"url\":\"https:\/\/bicibus.eu\/wp-content\/uploads\/2023\/04\/bicibus.online__7_-removebg.png\",\"contentUrl\":\"https:\/\/bicibus.eu\/wp-content\/uploads\/2023\/04\/bicibus.online__7_-removebg.png\",\"width\":1600,\"height\":900,\"caption\":\"APP bicib\u00fas\"},{\"@type\":\"BreadcrumbList\",\"@id\":\"https:\/\/bicibus.eu\/app\/#breadcrumb\",\"itemListElement\":[{\"@type\":\"ListItem\",\"position\":1,\"name\":\"Portada\",\"item\":\"https:\/\/bicibus.eu\/\"},{\"@type\":\"ListItem\",\"position\":2,\"name\":\"bicibus.app\"}]},{\"@type\":\"WebSite\",\"@id\":\"https:\/\/bicibus.eu\/es\/#website\",\"url\":\"https:\/\/bicibus.eu\/es\/\",\"name\":\"Bicib\u00fas - Impulsa un bicib\u00fas hacia la escuela\",\"description\":\"Recursos para impulsar un Bicib\u00fas\",\"publisher\":{\"@id\":\"https:\/\/bicibus.eu\/es\/#organization\"},\"alternateName\":\"Bicibus.eu\",\"potentialAction\":[{\"@type\":\"SearchAction\",\"target\":{\"@type\":\"EntryPoint\",\"urlTemplate\":\"https:\/\/bicibus.eu\/es\/?s={search_term_string}\"},\"query-input\":\"required name=search_term_string\"}],\"inLanguage\":\"ca\"},{\"@type\":\"Organization\",\"@id\":\"https:\/\/bicibus.eu\/es\/#organization\",\"name\":\"Bicibus.eu\",\"alternateName\":\"Bicib\u00fas Projects Europe\",\"url\":\"https:\/\/bicibus.eu\/es\/\",\"logo\":{\"@type\":\"ImageObject\",\"inLanguage\":\"ca\",\"@id\":\"https:\/\/bicibus.eu\/es\/#\/schema\/logo\/image\/\",\"url\":\"https:\/\/bicibus.eu\/wp-content\/uploads\/2023\/03\/bicibus.eu_.png\",\"contentUrl\":\"https:\/\/bicibus.eu\/wp-content\/uploads\/2023\/03\/bicibus.eu_.png\",\"width\":500,\"height\":500,\"caption\":\"Bicibus.eu\"},\"image\":{\"@id\":\"https:\/\/bicibus.eu\/es\/#\/schema\/logo\/image\/\"},\"sameAs\":[\"https:\/\/twitter.com\/bicibus_eu\"]}]}<\/script>\n<!-- \/ Yoast SEO Premium plugin. -->","yoast_head_json":{"title":"Bicib\u00fas APP - Aplicaci\u00f3n para gestionar un bicib\u00fas","description":"bicibus.app. La aplicaci\u00f3n que te permitir\u00e1 gestionar l\u00edneas de bicib\u00fas, inscripciones y visualizar los datos de impacto del proyecto.","robots":{"index":"index","follow":"follow","max-snippet":"max-snippet:-1","max-image-preview":"max-image-preview:large","max-video-preview":"max-video-preview:-1"},"canonical":"https:\/\/bicibus.eu\/ca\/app\/","og_locale":"ca_ES","og_type":"article","og_title":"bicibus.app","og_description":"bicibus.app. La aplicaci\u00f3n que te permitir\u00e1 gestionar l\u00edneas de bicib\u00fas, inscripciones y visualizar los datos de impacto del proyecto.","og_url":"https:\/\/bicibus.eu\/ca\/app\/","og_site_name":"Bicib\u00fas","article_modified_time":"2024-04-02T14:03:32+00:00","og_image":[{"width":1600,"height":900,"url":"https:\/\/bicibus.eu\/wp-content\/uploads\/2023\/04\/bicibus.online__7_-removebg.png","type":"image\/png"}],"twitter_card":"summary_large_image","twitter_site":"@bicibus_eu","twitter_misc":{"Temps estimat de lectura":"2 minuts"},"schema":{"@context":"https:\/\/schema.org","@graph":[{"@type":"WebPage","@id":"https:\/\/bicibus.eu\/app\/","url":"https:\/\/bicibus.eu\/app\/","name":"Bicib\u00fas APP - Aplicaci\u00f3n para gestionar un bicib\u00fas","isPartOf":{"@id":"https:\/\/bicibus.eu\/es\/#website"},"primaryImageOfPage":{"@id":"https:\/\/bicibus.eu\/app\/#primaryimage"},"image":{"@id":"https:\/\/bicibus.eu\/app\/#primaryimage"},"thumbnailUrl":"https:\/\/bicibus.eu\/wp-content\/uploads\/2023\/04\/bicibus.online__7_-removebg.png","datePublished":"2023-04-24T11:03:02+00:00","dateModified":"2024-04-02T14:03:32+00:00","description":"bicibus.app. La aplicaci\u00f3n que te permitir\u00e1 gestionar l\u00edneas de bicib\u00fas, inscripciones y visualizar los datos de impacto del proyecto.","breadcrumb":{"@id":"https:\/\/bicibus.eu\/app\/#breadcrumb"},"inLanguage":"ca","potentialAction":[{"@type":"ReadAction","target":["https:\/\/bicibus.eu\/app\/"]}]},{"@type":"ImageObject","inLanguage":"ca","@id":"https:\/\/bicibus.eu\/app\/#primaryimage","url":"https:\/\/bicibus.eu\/wp-content\/uploads\/2023\/04\/bicibus.online__7_-removebg.png","contentUrl":"https:\/\/bicibus.eu\/wp-content\/uploads\/2023\/04\/bicibus.online__7_-removebg.png","width":1600,"height":900,"caption":"APP bicib\u00fas"},{"@type":"BreadcrumbList","@id":"https:\/\/bicibus.eu\/app\/#breadcrumb","itemListElement":[{"@type":"ListItem","position":1,"name":"Portada","item":"https:\/\/bicibus.eu\/"},{"@type":"ListItem","position":2,"name":"bicibus.app"}]},{"@type":"WebSite","@id":"https:\/\/bicibus.eu\/es\/#website","url":"https:\/\/bicibus.eu\/es\/","name":"Bicib\u00fas - Impulsa un bicib\u00fas hacia la escuela","description":"Recursos para impulsar un Bicib\u00fas","publisher":{"@id":"https:\/\/bicibus.eu\/es\/#organization"},"alternateName":"Bicibus.eu","potentialAction":[{"@type":"SearchAction","target":{"@type":"EntryPoint","urlTemplate":"https:\/\/bicibus.eu\/es\/?s={search_term_string}"},"query-input":"required name=search_term_string"}],"inLanguage":"ca"},{"@type":"Organization","@id":"https:\/\/bicibus.eu\/es\/#organization","name":"Bicibus.eu","alternateName":"Bicib\u00fas Projects Europe","url":"https:\/\/bicibus.eu\/es\/","logo":{"@type":"ImageObject","inLanguage":"ca","@id":"https:\/\/bicibus.eu\/es\/#\/schema\/logo\/image\/","url":"https:\/\/bicibus.eu\/wp-content\/uploads\/2023\/03\/bicibus.eu_.png","contentUrl":"https:\/\/bicibus.eu\/wp-content\/uploads\/2023\/03\/bicibus.eu_.png","width":500,"height":500,"caption":"Bicibus.eu"},"image":{"@id":"https:\/\/bicibus.eu\/es\/#\/schema\/logo\/image\/"},"sameAs":["https:\/\/twitter.com\/bicibus_eu"]}]}},"_links":{"self":[{"href":"https:\/\/bicibus.eu\/ca\/wp-json\/wp\/v2\/pages\/1455","targetHints":{"allow":["GET"]}}],"collection":[{"href":"https:\/\/bicibus.eu\/ca\/wp-json\/wp\/v2\/pages"}],"about":[{"href":"https:\/\/bicibus.eu\/ca\/wp-json\/wp\/v2\/types\/page"}],"author":[{"embeddable":true,"href":"https:\/\/bicibus.eu\/ca\/wp-json\/wp\/v2\/users\/1"}],"replies":[{"embeddable":true,"href":"https:\/\/bicibus.eu\/ca\/wp-json\/wp\/v2\/comments?post=1455"}],"version-history":[{"count":15,"href":"https:\/\/bicibus.eu\/ca\/wp-json\/wp\/v2\/pages\/1455\/revisions"}],"predecessor-version":[{"id":2613,"href":"https:\/\/bicibus.eu\/ca\/wp-json\/wp\/v2\/pages\/1455\/revisions\/2613"}],"wp:featuredmedia":[{"embeddable":true,"href":"https:\/\/bicibus.eu\/ca\/wp-json\/wp\/v2\/media\/1463"}],"wp:attachment":[{"href":"https:\/\/bicibus.eu\/ca\/wp-json\/wp\/v2\/media?parent=1455"}],"wp:term":[{"taxonomy":"category","embeddable":true,"href":"https:\/\/bicibus.eu\/ca\/wp-json\/wp\/v2\/categories?post=1455"},{"taxonomy":"post_tag","embeddable":true,"href":"https:\/\/bicibus.eu\/ca\/wp-json\/wp\/v2\/tags?post=1455"}],"curies":[{"name":"wp","href":"https:\/\/api.w.org\/{rel}","templated":true}]}}