{"id":1570,"date":"2023-05-05T21:47:26","date_gmt":"2023-05-05T21:47:26","guid":{"rendered":"https:\/\/bicibus.eu\/?page_id=1570"},"modified":"2023-05-05T21:47:28","modified_gmt":"2023-05-05T21:47:28","slug":"politica-de-privacidad","status":"publish","type":"page","link":"https:\/\/bicibus.eu\/ca\/politica-de-privacitat\/","title":{"rendered":"Pol\u00edtica de privadesa"},"content":{"rendered":"<p>Pol\u00edtica de privadesa La seva privadesa i seguretat s\u00f3n importants per a nosaltres. A continuaci\u00f3, us expliquem quines dades personals recopilem dels nostres usuaris i com les utilitzem. \u00c9s important destacar que aquesta Pol\u00edtica de Privadesa podria variar en funci\u00f3 d&#039;exig\u00e8ncies legislatives o d&#039;autoregulaci\u00f3, per la qual cosa s&#039;aconsella als usuaris que la visitin peri\u00f2dicament.<\/p>\n\n\n\n<p>Qui \u00e9s el responsable del tractament de les vostres dades? Eduard Folch amb NIF 46740600T i amb direcci\u00f3 a Carrer Mol\u00ed d&#039;Acenc\u00f3, 24, Tagamanent, Prov\u00edncia de Barcelona, els informa que les dades de car\u00e0cter personal que ens proporcionin seran tractades conforme al Reglament 2016\/679 del Parlament Europeu i del Consell de 27 d&#039;abril de 2016. Per al tractament de dades dels nostres usuaris, implementem totes les mesures t\u00e8cniques i organitzatives de seguretat establertes a la legislaci\u00f3 vigent.<\/p>\n\n\n\n<p>Amb quines finalitats tractarem les vostres dades? Les dades personals seran tractades amb la finalitat de gestionar tots els aspectes de la relaci\u00f3 mercantil\/contractual establerta entre les parts. La base jur\u00eddica per a aquests tractaments de dades \u00e9s lexecuci\u00f3 del contracte o de la relaci\u00f3 existent entre les parts.<\/p>\n\n\n\n<p>Aix\u00ed mateix, les vostres dades podran ser tractades amb la finalitat de remetre-li, per qualsevol mitj\u00e0 incloent l&#039;electr\u00f2nic, informaci\u00f3 sobre els productes i\/o serveis prestats. La base jur\u00eddica del tractament \u00e9s l&#039;inter\u00e8s leg\u00edtim de mantenir informats els clients sobre els seus productes i\/o serveis.<\/p>\n\n\n\n<p>Durant quant de temps conservarem les vostres dades? Les dades seran conservades durant el per\u00edode de vig\u00e8ncia de la relaci\u00f3 entre les parts, una vegada finalitzada, es conservaran, degudament bloquejades, durant tot el temps en qu\u00e8 sigui necess\u00e0ria la seva conservaci\u00f3 per atendre els requeriments legals aplicables. Aquest termini de conservaci\u00f3 es determina sobre la base de la legislaci\u00f3 aplicable a cada moment.<\/p>\n\n\n\n<p>Quina \u00e9s la legitimaci\u00f3 per al tractament de les vostres dades? La base legal per al tractament de les vostres dades i les cessions \u00e9s l&#039;exist\u00e8ncia de la relaci\u00f3 mercantil, aix\u00ed com el compliment de les possibles obligacions legals que se&#039;n derivin.<\/p>\n\n\n\n<p>Amb qui compartirem les vostres dades? Les vostres dades podran ser comunicades a tercers quan sigui necessari per al correcte desenvolupament i control de la relaci\u00f3 entre les parts (per exemple, a entitats banc\u00e0ries) o quan una llei aix\u00ed ho requereixi (per exemple, a l&#039;administraci\u00f3 tribut\u00e0ria).<\/p>\n\n\n\n<p>Com protegim les vostres dades? Hem definit pol\u00edtiques de seguretat i procediments per garantir la confidencialitat de les dades. Podem contractar determinats serveis a tercers que puguin suposar l&#039;acc\u00e9s i\/o tractament de dades personals, per\u00f2, en tot cas, s&#039;exigeix que els tercers compleixin la legislaci\u00f3 vigent i les nostres pol\u00edtiques de seguretat, havent de garantir l&#039;\u00fas de la informaci\u00f3 d&#039;acord amb les instruccions que els donem i implantant les mesures t\u00e8cniques i organitzatives apropiades per garantir la confidencialitat de la informaci\u00f3.<\/p>\n\n\n\n<p>Quins s\u00f3n els vostres drets en mat\u00e8ria de protecci\u00f3 de dades? D&#039;acord amb el Reglament 2016\/679 del Parlament Europeu i del Consell de 27 d&#039;abril de 2016, vost\u00e8 t\u00e9 reconeguts els drets d&#039;acc\u00e9s, rectificaci\u00f3, supressi\u00f3, oposici\u00f3, limitaci\u00f3, portabilitat i el dret a presentar una reclamaci\u00f3 davant de les Autoritats de Control . Aquests drets poden ser exercits per correu postal a l&#039;adre\u00e7a Carrer Mol\u00ed d&#039;Avenc\u00f3, 24, Tagamanent, Barcelona o per correu electr\u00f2nic a hola@bicibus.eu. Per aix\u00f2, haur\u00e0 de presentar una sol\u00b7licitud escrita i signada que contingui les dades seg\u00fcents: nom i cognoms, domicili a efectes de notificacions, juntament amb prova v\u00e0lida en dret, com a fotoc\u00f2pia del DNI o equivalent, i la petici\u00f3 en qu\u00e8 es concreti la sol\u00b7licitud .<\/p>","protected":false},"excerpt":{"rendered":"<p>Pol\u00edtica de privadesa La seva privadesa i seguretat s\u00f3n importants per a nosaltres. A continuaci\u00f3, us expliquem quines dades personals recopilem dels nostres usuaris i com les utilitzem. \u00c9s important destacar\u2026<\/p>","protected":false},"author":1,"featured_media":0,"parent":0,"menu_order":0,"comment_status":"closed","ping_status":"closed","template":"","meta":{"_acf_changed":false,"_joinchat":[],"footnotes":""},"categories":[],"tags":[],"class_list":["post-1570","page","type-page","status-publish","hentry"],"acf":[],"yoast_head":"<!-- This site is optimized with the Yoast SEO Premium plugin v20.7 (Yoast SEO v22.3) - https:\/\/yoast.com\/wordpress\/plugins\/seo\/ -->\n<title>Pol\u00edtica de privacidad &#187; Bicib\u00fas<\/title>\n<meta name=\"robots\" content=\"index, follow, max-snippet:-1, max-image-preview:large, max-video-preview:-1\" \/>\n<link rel=\"canonical\" href=\"https:\/\/bicibus.eu\/ca\/politica-de-privacitat\/\" \/>\n<meta property=\"og:locale\" content=\"ca_ES\" \/>\n<meta property=\"og:type\" content=\"article\" \/>\n<meta property=\"og:title\" content=\"Pol\u00edtica de privacidad\" \/>\n<meta property=\"og:description\" content=\"Pol\u00edtica de privacidad Su privacidad y seguridad son importantes para nosotros. A continuaci\u00f3n, le explicamos qu\u00e9 datos personales recopilamos de nuestros usuarios y c\u00f3mo los utilizamos. Es importante destacar...\" \/>\n<meta property=\"og:url\" content=\"https:\/\/bicibus.eu\/ca\/politica-de-privacitat\/\" \/>\n<meta property=\"og:site_name\" content=\"Bicib\u00fas\" \/>\n<meta property=\"article:modified_time\" content=\"2023-05-05T21:47:28+00:00\" \/>\n<meta name=\"twitter:card\" content=\"summary_large_image\" \/>\n<meta name=\"twitter:site\" content=\"@bicibus_eu\" \/>\n<meta name=\"twitter:label1\" content=\"Temps estimat de lectura\" \/>\n\t<meta name=\"twitter:data1\" content=\"3 minuts\" \/>\n<script type=\"application\/ld+json\" class=\"yoast-schema-graph\">{\"@context\":\"https:\/\/schema.org\",\"@graph\":[{\"@type\":\"WebPage\",\"@id\":\"https:\/\/bicibus.eu\/politica-de-privacidad\/\",\"url\":\"https:\/\/bicibus.eu\/politica-de-privacidad\/\",\"name\":\"Pol\u00edtica de privacidad &#187; Bicib\u00fas\",\"isPartOf\":{\"@id\":\"https:\/\/bicibus.eu\/es\/#website\"},\"datePublished\":\"2023-05-05T21:47:26+00:00\",\"dateModified\":\"2023-05-05T21:47:28+00:00\",\"breadcrumb\":{\"@id\":\"https:\/\/bicibus.eu\/politica-de-privacidad\/#breadcrumb\"},\"inLanguage\":\"ca\",\"potentialAction\":[{\"@type\":\"ReadAction\",\"target\":[\"https:\/\/bicibus.eu\/politica-de-privacidad\/\"]}]},{\"@type\":\"BreadcrumbList\",\"@id\":\"https:\/\/bicibus.eu\/politica-de-privacidad\/#breadcrumb\",\"itemListElement\":[{\"@type\":\"ListItem\",\"position\":1,\"name\":\"Portada\",\"item\":\"https:\/\/bicibus.eu\/\"},{\"@type\":\"ListItem\",\"position\":2,\"name\":\"Pol\u00edtica de privacidad\"}]},{\"@type\":\"WebSite\",\"@id\":\"https:\/\/bicibus.eu\/es\/#website\",\"url\":\"https:\/\/bicibus.eu\/es\/\",\"name\":\"Bicib\u00fas - Impulsa un bicib\u00fas hacia la escuela\",\"description\":\"Recursos para impulsar un Bicib\u00fas\",\"publisher\":{\"@id\":\"https:\/\/bicibus.eu\/es\/#organization\"},\"alternateName\":\"Bicibus.eu\",\"potentialAction\":[{\"@type\":\"SearchAction\",\"target\":{\"@type\":\"EntryPoint\",\"urlTemplate\":\"https:\/\/bicibus.eu\/es\/?s={search_term_string}\"},\"query-input\":\"required name=search_term_string\"}],\"inLanguage\":\"ca\"},{\"@type\":\"Organization\",\"@id\":\"https:\/\/bicibus.eu\/es\/#organization\",\"name\":\"Bicibus.eu\",\"alternateName\":\"Bicib\u00fas Projects Europe\",\"url\":\"https:\/\/bicibus.eu\/es\/\",\"logo\":{\"@type\":\"ImageObject\",\"inLanguage\":\"ca\",\"@id\":\"https:\/\/bicibus.eu\/es\/#\/schema\/logo\/image\/\",\"url\":\"https:\/\/bicibus.eu\/wp-content\/uploads\/2023\/03\/bicibus.eu_.png\",\"contentUrl\":\"https:\/\/bicibus.eu\/wp-content\/uploads\/2023\/03\/bicibus.eu_.png\",\"width\":500,\"height\":500,\"caption\":\"Bicibus.eu\"},\"image\":{\"@id\":\"https:\/\/bicibus.eu\/es\/#\/schema\/logo\/image\/\"},\"sameAs\":[\"https:\/\/twitter.com\/bicibus_eu\"]}]}<\/script>\n<!-- \/ Yoast SEO Premium plugin. -->","yoast_head_json":{"title":"Pol\u00edtica de privacidad &#187; Bicib\u00fas","robots":{"index":"index","follow":"follow","max-snippet":"max-snippet:-1","max-image-preview":"max-image-preview:large","max-video-preview":"max-video-preview:-1"},"canonical":"https:\/\/bicibus.eu\/ca\/politica-de-privacitat\/","og_locale":"ca_ES","og_type":"article","og_title":"Pol\u00edtica de privacidad","og_description":"Pol\u00edtica de privacidad Su privacidad y seguridad son importantes para nosotros. A continuaci\u00f3n, le explicamos qu\u00e9 datos personales recopilamos de nuestros usuarios y c\u00f3mo los utilizamos. Es importante destacar...","og_url":"https:\/\/bicibus.eu\/ca\/politica-de-privacitat\/","og_site_name":"Bicib\u00fas","article_modified_time":"2023-05-05T21:47:28+00:00","twitter_card":"summary_large_image","twitter_site":"@bicibus_eu","twitter_misc":{"Temps estimat de lectura":"3 minuts"},"schema":{"@context":"https:\/\/schema.org","@graph":[{"@type":"WebPage","@id":"https:\/\/bicibus.eu\/politica-de-privacidad\/","url":"https:\/\/bicibus.eu\/politica-de-privacidad\/","name":"Pol\u00edtica de privacidad &#187; Bicib\u00fas","isPartOf":{"@id":"https:\/\/bicibus.eu\/es\/#website"},"datePublished":"2023-05-05T21:47:26+00:00","dateModified":"2023-05-05T21:47:28+00:00","breadcrumb":{"@id":"https:\/\/bicibus.eu\/politica-de-privacidad\/#breadcrumb"},"inLanguage":"ca","potentialAction":[{"@type":"ReadAction","target":["https:\/\/bicibus.eu\/politica-de-privacidad\/"]}]},{"@type":"BreadcrumbList","@id":"https:\/\/bicibus.eu\/politica-de-privacidad\/#breadcrumb","itemListElement":[{"@type":"ListItem","position":1,"name":"Portada","item":"https:\/\/bicibus.eu\/"},{"@type":"ListItem","position":2,"name":"Pol\u00edtica de privacidad"}]},{"@type":"WebSite","@id":"https:\/\/bicibus.eu\/es\/#website","url":"https:\/\/bicibus.eu\/es\/","name":"Bicib\u00fas - Impulsa un bicib\u00fas hacia la escuela","description":"Recursos para impulsar un Bicib\u00fas","publisher":{"@id":"https:\/\/bicibus.eu\/es\/#organization"},"alternateName":"Bicibus.eu","potentialAction":[{"@type":"SearchAction","target":{"@type":"EntryPoint","urlTemplate":"https:\/\/bicibus.eu\/es\/?s={search_term_string}"},"query-input":"required name=search_term_string"}],"inLanguage":"ca"},{"@type":"Organization","@id":"https:\/\/bicibus.eu\/es\/#organization","name":"Bicibus.eu","alternateName":"Bicib\u00fas Projects Europe","url":"https:\/\/bicibus.eu\/es\/","logo":{"@type":"ImageObject","inLanguage":"ca","@id":"https:\/\/bicibus.eu\/es\/#\/schema\/logo\/image\/","url":"https:\/\/bicibus.eu\/wp-content\/uploads\/2023\/03\/bicibus.eu_.png","contentUrl":"https:\/\/bicibus.eu\/wp-content\/uploads\/2023\/03\/bicibus.eu_.png","width":500,"height":500,"caption":"Bicibus.eu"},"image":{"@id":"https:\/\/bicibus.eu\/es\/#\/schema\/logo\/image\/"},"sameAs":["https:\/\/twitter.com\/bicibus_eu"]}]}},"_links":{"self":[{"href":"https:\/\/bicibus.eu\/ca\/wp-json\/wp\/v2\/pages\/1570","targetHints":{"allow":["GET"]}}],"collection":[{"href":"https:\/\/bicibus.eu\/ca\/wp-json\/wp\/v2\/pages"}],"about":[{"href":"https:\/\/bicibus.eu\/ca\/wp-json\/wp\/v2\/types\/page"}],"author":[{"embeddable":true,"href":"https:\/\/bicibus.eu\/ca\/wp-json\/wp\/v2\/users\/1"}],"replies":[{"embeddable":true,"href":"https:\/\/bicibus.eu\/ca\/wp-json\/wp\/v2\/comments?post=1570"}],"version-history":[{"count":1,"href":"https:\/\/bicibus.eu\/ca\/wp-json\/wp\/v2\/pages\/1570\/revisions"}],"predecessor-version":[{"id":1571,"href":"https:\/\/bicibus.eu\/ca\/wp-json\/wp\/v2\/pages\/1570\/revisions\/1571"}],"wp:attachment":[{"href":"https:\/\/bicibus.eu\/ca\/wp-json\/wp\/v2\/media?parent=1570"}],"wp:term":[{"taxonomy":"category","embeddable":true,"href":"https:\/\/bicibus.eu\/ca\/wp-json\/wp\/v2\/categories?post=1570"},{"taxonomy":"post_tag","embeddable":true,"href":"https:\/\/bicibus.eu\/ca\/wp-json\/wp\/v2\/tags?post=1570"}],"curies":[{"name":"wp","href":"https:\/\/api.w.org\/{rel}","templated":true}]}}