{"id":1570,"date":"2023-05-05T21:47:26","date_gmt":"2023-05-05T21:47:26","guid":{"rendered":"https:\/\/bicibus.eu\/?page_id=1570"},"modified":"2023-05-05T21:47:28","modified_gmt":"2023-05-05T21:47:28","slug":"politica-de-privacidad","status":"publish","type":"page","link":"https:\/\/bicibus.eu\/en\/privacy-policy-2\/","title":{"rendered":"Privacy Policy"},"content":{"rendered":"<p>Privacy Policy Your privacy and security are important to us. Below we explain what personal data we collect from our users and how we use it. It is important to note that this Privacy Policy could vary depending on legislative requirements or self-regulation, so users are advised to visit it periodically.<\/p>\n\n\n\n<p>Who is responsible for the processing of your data? Eduard Folch with NIF 46740600T and with address at Carrer Mol\u00ed d&#039;Acenc\u00f3, 24, Tagamanent, Province of Barcelona, informs you that the personal data you provide us will be processed in accordance with Regulation 2016\/679 of the European Parliament and of the Council of 27 April 2016. For the treatment of our users&#039; data, we implement all the technical and organizational security measures established in the current legislation.<\/p>\n\n\n\n<p>For what purposes will we process your data? Personal data will be processed for the purpose of managing all aspects of the commercial\/contractual relationship established between the parties. The legal basis for these data processing is the execution of the contract or the existing relationship between the parties.<\/p>\n\n\n\n<p>Likewise, your data may be processed in order to send you, by any means including electronic, information about the products and\/or services provided. The legal basis for processing is the legitimate interest in keeping your customers informed about your products and\/or services.<\/p>\n\n\n\n<p>How long will we keep your data? The data will be kept during the period of validity of the relationship between the parties, once it is finished, they will be kept, duly blocked, for as long as their conservation is necessary to meet the applicable legal requirements. This conservation period is determined based on the applicable legislation at any time.<\/p>\n\n\n\n<p>What is the legitimacy for the processing of your data? The legal basis for the treatment of your data and the transfers is the existence of the commercial relationship, as well as the fulfillment of the possible legal obligations that may arise.<\/p>\n\n\n\n<p>With whom will we share your data? Your data may be communicated to third parties when necessary for the correct development and control of the relationship between the parties (for example, to banking entities) or when a law so requires (for example, to the tax administration).<\/p>\n\n\n\n<p>How do we protect your data? We have defined security policies and procedures to guarantee the confidentiality of the data. We can contract certain services from third parties that may involve access and\/or processing of personal data, but, in any case, third parties are required to comply with current legislation and our security policies, and must guarantee the use of information in accordance with the instructions we give them and implementing the appropriate technical and organizational measures to guarantee the confidentiality of the information.<\/p>\n\n\n\n<p>What are your rights regarding data protection? In accordance with Regulation 2016\/679 of the European Parliament and of the Council of April 27, 2016, you have the rights of access, rectification, deletion, opposition, limitation, portability and the right to file a claim with the Control Authorities. . These rights can be exercised by postal mail to the address Carrer Mol\u00ed d&#039;Avenc\u00f3, 24, Tagamanent, Barcelona or by email to hola@bicibus.eu. To do this, you must submit a written and signed request that contains the following information: name and surname, address for notification purposes, along with valid proof in law, such as a photocopy of the DNI or equivalent, and the request in which the request is specified. .<\/p>","protected":false},"excerpt":{"rendered":"<p>Privacy Policy Your privacy and security are important to us. Below we explain what personal data we collect from our users and how we use it. It is important to highlight\u2026<\/p>","protected":false},"author":1,"featured_media":0,"parent":0,"menu_order":0,"comment_status":"closed","ping_status":"closed","template":"","meta":{"_acf_changed":false,"_joinchat":[],"footnotes":""},"categories":[],"tags":[],"class_list":["post-1570","page","type-page","status-publish","hentry"],"acf":[],"yoast_head":"<!-- This site is optimized with the Yoast SEO Premium plugin v20.7 (Yoast SEO v22.3) - https:\/\/yoast.com\/wordpress\/plugins\/seo\/ -->\n<title>Pol\u00edtica de privacidad &#187; Bicib\u00fas<\/title>\n<meta name=\"robots\" content=\"index, follow, max-snippet:-1, max-image-preview:large, max-video-preview:-1\" \/>\n<link rel=\"canonical\" href=\"https:\/\/bicibus.eu\/en\/privacy-policy-2\/\" \/>\n<meta property=\"og:locale\" content=\"en_GB\" \/>\n<meta property=\"og:type\" content=\"article\" \/>\n<meta property=\"og:title\" content=\"Pol\u00edtica de privacidad\" \/>\n<meta property=\"og:description\" content=\"Pol\u00edtica de privacidad Su privacidad y seguridad son importantes para nosotros. A continuaci\u00f3n, le explicamos qu\u00e9 datos personales recopilamos de nuestros usuarios y c\u00f3mo los utilizamos. Es importante destacar...\" \/>\n<meta property=\"og:url\" content=\"https:\/\/bicibus.eu\/en\/privacy-policy-2\/\" \/>\n<meta property=\"og:site_name\" content=\"Bicib\u00fas\" \/>\n<meta property=\"article:modified_time\" content=\"2023-05-05T21:47:28+00:00\" \/>\n<meta name=\"twitter:card\" content=\"summary_large_image\" \/>\n<meta name=\"twitter:site\" content=\"@bicibus_eu\" \/>\n<meta name=\"twitter:label1\" content=\"Estimated reading time\" \/>\n\t<meta name=\"twitter:data1\" content=\"3 minutes\" \/>\n<script type=\"application\/ld+json\" class=\"yoast-schema-graph\">{\"@context\":\"https:\/\/schema.org\",\"@graph\":[{\"@type\":\"WebPage\",\"@id\":\"https:\/\/bicibus.eu\/politica-de-privacidad\/\",\"url\":\"https:\/\/bicibus.eu\/politica-de-privacidad\/\",\"name\":\"Pol\u00edtica de privacidad &#187; Bicib\u00fas\",\"isPartOf\":{\"@id\":\"https:\/\/bicibus.eu\/es\/#website\"},\"datePublished\":\"2023-05-05T21:47:26+00:00\",\"dateModified\":\"2023-05-05T21:47:28+00:00\",\"breadcrumb\":{\"@id\":\"https:\/\/bicibus.eu\/politica-de-privacidad\/#breadcrumb\"},\"inLanguage\":\"en-GB\",\"potentialAction\":[{\"@type\":\"ReadAction\",\"target\":[\"https:\/\/bicibus.eu\/politica-de-privacidad\/\"]}]},{\"@type\":\"BreadcrumbList\",\"@id\":\"https:\/\/bicibus.eu\/politica-de-privacidad\/#breadcrumb\",\"itemListElement\":[{\"@type\":\"ListItem\",\"position\":1,\"name\":\"Portada\",\"item\":\"https:\/\/bicibus.eu\/\"},{\"@type\":\"ListItem\",\"position\":2,\"name\":\"Pol\u00edtica de privacidad\"}]},{\"@type\":\"WebSite\",\"@id\":\"https:\/\/bicibus.eu\/es\/#website\",\"url\":\"https:\/\/bicibus.eu\/es\/\",\"name\":\"Bicib\u00fas - Impulsa un bicib\u00fas hacia la escuela\",\"description\":\"Recursos para impulsar un Bicib\u00fas\",\"publisher\":{\"@id\":\"https:\/\/bicibus.eu\/es\/#organization\"},\"alternateName\":\"Bicibus.eu\",\"potentialAction\":[{\"@type\":\"SearchAction\",\"target\":{\"@type\":\"EntryPoint\",\"urlTemplate\":\"https:\/\/bicibus.eu\/es\/?s={search_term_string}\"},\"query-input\":\"required name=search_term_string\"}],\"inLanguage\":\"en-GB\"},{\"@type\":\"Organization\",\"@id\":\"https:\/\/bicibus.eu\/es\/#organization\",\"name\":\"Bicibus.eu\",\"alternateName\":\"Bicib\u00fas Projects Europe\",\"url\":\"https:\/\/bicibus.eu\/es\/\",\"logo\":{\"@type\":\"ImageObject\",\"inLanguage\":\"en-GB\",\"@id\":\"https:\/\/bicibus.eu\/es\/#\/schema\/logo\/image\/\",\"url\":\"https:\/\/bicibus.eu\/wp-content\/uploads\/2023\/03\/bicibus.eu_.png\",\"contentUrl\":\"https:\/\/bicibus.eu\/wp-content\/uploads\/2023\/03\/bicibus.eu_.png\",\"width\":500,\"height\":500,\"caption\":\"Bicibus.eu\"},\"image\":{\"@id\":\"https:\/\/bicibus.eu\/es\/#\/schema\/logo\/image\/\"},\"sameAs\":[\"https:\/\/twitter.com\/bicibus_eu\"]}]}<\/script>\n<!-- \/ Yoast SEO Premium plugin. -->","yoast_head_json":{"title":"Pol\u00edtica de privacidad &#187; Bicib\u00fas","robots":{"index":"index","follow":"follow","max-snippet":"max-snippet:-1","max-image-preview":"max-image-preview:large","max-video-preview":"max-video-preview:-1"},"canonical":"https:\/\/bicibus.eu\/en\/privacy-policy-2\/","og_locale":"en_GB","og_type":"article","og_title":"Pol\u00edtica de privacidad","og_description":"Pol\u00edtica de privacidad Su privacidad y seguridad son importantes para nosotros. A continuaci\u00f3n, le explicamos qu\u00e9 datos personales recopilamos de nuestros usuarios y c\u00f3mo los utilizamos. Es importante destacar...","og_url":"https:\/\/bicibus.eu\/en\/privacy-policy-2\/","og_site_name":"Bicib\u00fas","article_modified_time":"2023-05-05T21:47:28+00:00","twitter_card":"summary_large_image","twitter_site":"@bicibus_eu","twitter_misc":{"Estimated reading time":"3 minutes"},"schema":{"@context":"https:\/\/schema.org","@graph":[{"@type":"WebPage","@id":"https:\/\/bicibus.eu\/politica-de-privacidad\/","url":"https:\/\/bicibus.eu\/politica-de-privacidad\/","name":"Pol\u00edtica de privacidad &#187; Bicib\u00fas","isPartOf":{"@id":"https:\/\/bicibus.eu\/es\/#website"},"datePublished":"2023-05-05T21:47:26+00:00","dateModified":"2023-05-05T21:47:28+00:00","breadcrumb":{"@id":"https:\/\/bicibus.eu\/politica-de-privacidad\/#breadcrumb"},"inLanguage":"en-GB","potentialAction":[{"@type":"ReadAction","target":["https:\/\/bicibus.eu\/politica-de-privacidad\/"]}]},{"@type":"BreadcrumbList","@id":"https:\/\/bicibus.eu\/politica-de-privacidad\/#breadcrumb","itemListElement":[{"@type":"ListItem","position":1,"name":"Portada","item":"https:\/\/bicibus.eu\/"},{"@type":"ListItem","position":2,"name":"Pol\u00edtica de privacidad"}]},{"@type":"WebSite","@id":"https:\/\/bicibus.eu\/es\/#website","url":"https:\/\/bicibus.eu\/es\/","name":"Bicib\u00fas - Impulsa un bicib\u00fas hacia la escuela","description":"Recursos para impulsar un Bicib\u00fas","publisher":{"@id":"https:\/\/bicibus.eu\/es\/#organization"},"alternateName":"Bicibus.eu","potentialAction":[{"@type":"SearchAction","target":{"@type":"EntryPoint","urlTemplate":"https:\/\/bicibus.eu\/es\/?s={search_term_string}"},"query-input":"required name=search_term_string"}],"inLanguage":"en-GB"},{"@type":"Organization","@id":"https:\/\/bicibus.eu\/es\/#organization","name":"Bicibus.eu","alternateName":"Bicib\u00fas Projects Europe","url":"https:\/\/bicibus.eu\/es\/","logo":{"@type":"ImageObject","inLanguage":"en-GB","@id":"https:\/\/bicibus.eu\/es\/#\/schema\/logo\/image\/","url":"https:\/\/bicibus.eu\/wp-content\/uploads\/2023\/03\/bicibus.eu_.png","contentUrl":"https:\/\/bicibus.eu\/wp-content\/uploads\/2023\/03\/bicibus.eu_.png","width":500,"height":500,"caption":"Bicibus.eu"},"image":{"@id":"https:\/\/bicibus.eu\/es\/#\/schema\/logo\/image\/"},"sameAs":["https:\/\/twitter.com\/bicibus_eu"]}]}},"_links":{"self":[{"href":"https:\/\/bicibus.eu\/en\/wp-json\/wp\/v2\/pages\/1570","targetHints":{"allow":["GET"]}}],"collection":[{"href":"https:\/\/bicibus.eu\/en\/wp-json\/wp\/v2\/pages"}],"about":[{"href":"https:\/\/bicibus.eu\/en\/wp-json\/wp\/v2\/types\/page"}],"author":[{"embeddable":true,"href":"https:\/\/bicibus.eu\/en\/wp-json\/wp\/v2\/users\/1"}],"replies":[{"embeddable":true,"href":"https:\/\/bicibus.eu\/en\/wp-json\/wp\/v2\/comments?post=1570"}],"version-history":[{"count":1,"href":"https:\/\/bicibus.eu\/en\/wp-json\/wp\/v2\/pages\/1570\/revisions"}],"predecessor-version":[{"id":1571,"href":"https:\/\/bicibus.eu\/en\/wp-json\/wp\/v2\/pages\/1570\/revisions\/1571"}],"wp:attachment":[{"href":"https:\/\/bicibus.eu\/en\/wp-json\/wp\/v2\/media?parent=1570"}],"wp:term":[{"taxonomy":"category","embeddable":true,"href":"https:\/\/bicibus.eu\/en\/wp-json\/wp\/v2\/categories?post=1570"},{"taxonomy":"post_tag","embeddable":true,"href":"https:\/\/bicibus.eu\/en\/wp-json\/wp\/v2\/tags?post=1570"}],"curies":[{"name":"wp","href":"https:\/\/api.w.org\/{rel}","templated":true}]}}