{"id":1587,"date":"2023-05-05T22:50:48","date_gmt":"2023-05-05T22:50:48","guid":{"rendered":"https:\/\/bicibus.eu\/?page_id=1587"},"modified":"2023-05-11T21:27:56","modified_gmt":"2023-05-11T21:27:56","slug":"contactar","status":"publish","type":"page","link":"https:\/\/bicibus.eu\/en\/contact\/","title":{"rendered":"Contact us"},"content":{"rendered":"<style id=\"wpforms-css-vars-root\">\n\t\t\t\t:root {\n\t\t\t\t\t--wpforms-field-border-radius: 3px;\n--wpforms-field-border-style: solid;\n--wpforms-field-border-size: 1px;\n--wpforms-field-background-color: #ffffff;\n--wpforms-field-border-color: rgba( 0, 0, 0, 0.25 );\n--wpforms-field-border-color-spare: rgba( 0, 0, 0, 0.25 );\n--wpforms-field-text-color: rgba( 0, 0, 0, 0.7 );\n--wpforms-field-menu-color: #ffffff;\n--wpforms-label-color: rgba( 0, 0, 0, 0.85 );\n--wpforms-label-sublabel-color: rgba( 0, 0, 0, 0.55 );\n--wpforms-label-error-color: #d63637;\n--wpforms-button-border-radius: 3px;\n--wpforms-button-border-style: none;\n--wpforms-button-border-size: 1px;\n--wpforms-button-background-color: #066aab;\n--wpforms-button-border-color: #066aab;\n--wpforms-button-text-color: #ffffff;\n--wpforms-page-break-color: #066aab;\n--wpforms-background-image: none;\n--wpforms-background-position: center center;\n--wpforms-background-repeat: no-repeat;\n--wpforms-background-size: cover;\n--wpforms-background-width: 100px;\n--wpforms-background-height: 100px;\n--wpforms-background-color: rgba( 0, 0, 0, 0 );\n--wpforms-background-url: none;\n--wpforms-container-padding: 0px;\n--wpforms-container-border-style: none;\n--wpforms-container-border-width: 1px;\n--wpforms-container-border-color: #000000;\n--wpforms-container-border-radius: 3px;\n--wpforms-field-size-input-height: 43px;\n--wpforms-field-size-input-spacing: 15px;\n--wpforms-field-size-font-size: 16px;\n--wpforms-field-size-line-height: 19px;\n--wpforms-field-size-padding-h: 14px;\n--wpforms-field-size-checkbox-size: 16px;\n--wpforms-field-size-sublabel-spacing: 5px;\n--wpforms-field-size-icon-size: 1;\n--wpforms-label-size-font-size: 16px;\n--wpforms-label-size-line-height: 19px;\n--wpforms-label-size-sublabel-font-size: 14px;\n--wpforms-label-size-sublabel-line-height: 17px;\n--wpforms-button-size-font-size: 17px;\n--wpforms-button-size-height: 41px;\n--wpforms-button-size-padding-h: 15px;\n--wpforms-button-size-margin-top: 10px;\n--wpforms-container-shadow-size-box-shadow: none;\n\n\t\t\t\t}\n\t\t\t<\/style><div class=\"wpforms-container wpforms-container-full wpforms-block wpforms-block-e8f97007-951d-4937-96fb-8d404f0c694a wpforms-render-modern\" id=\"wpforms-1584\"><form id=\"wpforms-form-1584\" class=\"wpforms-validate wpforms-form wpforms-ajax-form\" data-formid=\"1584\" method=\"post\" enctype=\"multipart\/form-data\" action=\"\/en\/wp-json\/wp\/v2\/pages\/1587\" data-token=\"834cfdfafbdd72de99309df830a42427\" data-token-time=\"1776338351\" data-trp-original-action=\"\/en\/wp-json\/wp\/v2\/pages\/1587\"><noscript class=\"wpforms-error-noscript\">Please enable JavaScript in your browser to complete this form.<\/noscript><div class=\"wpforms-hidden\" id=\"wpforms-error-noscript\">Please enable JavaScript in your browser to complete this form.<\/div><div class=\"wpforms-field-container\"><div id=\"wpforms-1584-field_0-container\" class=\"wpforms-field wpforms-field-name\" data-field-id=\"0\"><label class=\"wpforms-field-label\" for=\"wpforms-1584-field_0\">Name <span class=\"wpforms-required-label\" aria-hidden=\"true\">*<\/span><\/label><input type=\"text\" id=\"wpforms-1584-field_0\" class=\"wpforms-field-large wpforms-field-required\" name=\"wpforms[fields][0]\" aria-errormessage=\"wpforms-1584-field_0-error\" required><\/div><div id=\"wpforms-1584-field_1-container\" class=\"wpforms-field wpforms-field-email\" data-field-id=\"1\"><label class=\"wpforms-field-label\" for=\"wpforms-1584-field_1\">Email <span class=\"wpforms-required-label\" aria-hidden=\"true\">*<\/span><\/label><input type=\"email\" id=\"wpforms-1584-field_1\" class=\"wpforms-field-large wpforms-field-required\" name=\"wpforms[fields][1]\" spellcheck=\"false\" aria-errormessage=\"wpforms-1584-field_1-error\" required><\/div><div id=\"wpforms-1584-field_2-container\" class=\"wpforms-field wpforms-field-textarea\" data-field-id=\"2\"><label class=\"wpforms-field-label\" for=\"wpforms-1584-field_2\">Comment or message<\/label><textarea id=\"wpforms-1584-field_2\" class=\"wpforms-field-medium\" name=\"wpforms[fields][2]\" aria-errormessage=\"wpforms-1584-field_2-error\" ><\/textarea><\/div><div id=\"wpforms-1584-field_4-container\" class=\"wpforms-field wpforms-field-checkbox\" data-field-id=\"4\"><fieldset><legend class=\"wpforms-field-label\">Privacy Policy <span class=\"wpforms-required-label\" aria-hidden=\"true\">*<\/span><\/legend><ul id=\"wpforms-1584-field_4\" class=\"wpforms-field-required\"><li class=\"choice-1 depth-1\"><input type=\"checkbox\" id=\"wpforms-1584-field_4_1\" name=\"wpforms[fields][4][]\" value=\"Acepto la pol\u00edtica de privacidad\" aria-errormessage=\"wpforms-1584-field_4_1-error\" aria-describedby=\"wpforms-1584-field_4-description\" required><label class=\"wpforms-field-label-inline\" for=\"wpforms-1584-field_4_1\">I accept the Privacy Policy<\/label><\/li><\/ul><div id=\"wpforms-1584-field_4-description\" class=\"wpforms-field-description wpforms-disclaimer-description\">Data controller: Eduard Folch (46740600T). Purpose of the data: Add your personal data to our database to contact you. We will never share your data with third parties. Data hosting: The technological service providers are located in the European Union. Rights: At any time you can limit or delete your information by writing to us at hola@bicibus.eu<br \/>\r\n<\/div><\/fieldset><\/div><\/div><!-- .wpforms-field-container --><div class=\"wpforms-recaptcha-container wpforms-is-hcaptcha\" ><div class=\"g-recaptcha\" data-sitekey=\"af084090-864b-42cc-b82a-77b44241743c\"><\/div><input type=\"text\" name=\"g-recaptcha-hidden\" class=\"wpforms-recaptcha-hidden\" style=\"position:absolute!important;clip:rect(0,0,0,0)!important;height:1px!important;width:1px!important;border:0!important;overflow:hidden!important;padding:0!important;margin:0!important;\" data-rule-hcaptcha=\"1\"><\/div><div class=\"wpforms-submit-container\" ><input type=\"hidden\" name=\"wpforms[id]\" value=\"1584\"><input type=\"hidden\" name=\"page_title\" value=\"\"><input type=\"hidden\" name=\"page_url\" value=\"https:\/\/bicibus.eu\/en\/wp-json\/wp\/v2\/pages\/1587\"><button type=\"submit\" name=\"wpforms[submit]\" id=\"wpforms-submit-1584\" class=\"wpforms-submit\" data-alt-text=\"Enviando...\" data-submit-text=\"Enviar\" aria-live=\"assertive\" value=\"wpforms-submit\">Send<\/button><img loading=\"lazy\" decoding=\"async\" src=\"https:\/\/bicibus.eu\/wp-content\/plugins\/wpforms-lite\/assets\/images\/submit-spin.svg\" class=\"wpforms-submit-spinner\" style=\"display: none;\" width=\"26\" height=\"26\" alt=\"loading\"><\/div><input type=\"hidden\" name=\"trp-form-language\" value=\"en\"\/><\/form><\/div>  <!-- .wpforms-container -->","protected":false},"excerpt":{"rendered":"","protected":false},"author":1,"featured_media":376,"parent":0,"menu_order":0,"comment_status":"closed","ping_status":"closed","template":"","meta":{"_acf_changed":false,"_joinchat":[],"footnotes":""},"categories":[],"tags":[],"class_list":["post-1587","page","type-page","status-publish","has-post-thumbnail","hentry"],"acf":[],"yoast_head":"<!-- This site is optimized with the Yoast SEO Premium plugin v20.7 (Yoast SEO v22.3) - https:\/\/yoast.com\/wordpress\/plugins\/seo\/ -->\n<title>Contactar &#187; Bicib\u00fas<\/title>\n<meta name=\"robots\" content=\"index, follow, max-snippet:-1, max-image-preview:large, max-video-preview:-1\" \/>\n<link rel=\"canonical\" href=\"https:\/\/bicibus.eu\/en\/contact\/\" \/>\n<meta property=\"og:locale\" content=\"en_GB\" \/>\n<meta property=\"og:type\" content=\"article\" \/>\n<meta property=\"og:title\" content=\"Contactar\" \/>\n<meta property=\"og:url\" content=\"https:\/\/bicibus.eu\/en\/contact\/\" \/>\n<meta property=\"og:site_name\" content=\"Bicib\u00fas\" \/>\n<meta property=\"article:modified_time\" content=\"2023-05-11T21:27:56+00:00\" \/>\n<meta property=\"og:image\" content=\"https:\/\/bicibus.eu\/wp-content\/uploads\/2023\/03\/IMG20220422090604_BURST001_COVER-scaled-e1683840468910.jpg\" \/>\n\t<meta property=\"og:image:width\" content=\"2560\" \/>\n\t<meta property=\"og:image:height\" content=\"985\" \/>\n\t<meta property=\"og:image:type\" content=\"image\/jpeg\" \/>\n<meta name=\"twitter:card\" content=\"summary_large_image\" \/>\n<meta name=\"twitter:site\" content=\"@bicibus_eu\" \/>\n<script type=\"application\/ld+json\" class=\"yoast-schema-graph\">{\"@context\":\"https:\/\/schema.org\",\"@graph\":[{\"@type\":\"WebPage\",\"@id\":\"https:\/\/bicibus.eu\/contactar\/\",\"url\":\"https:\/\/bicibus.eu\/contactar\/\",\"name\":\"Contactar &#187; Bicib\u00fas\",\"isPartOf\":{\"@id\":\"https:\/\/bicibus.eu\/es\/#website\"},\"primaryImageOfPage\":{\"@id\":\"https:\/\/bicibus.eu\/contactar\/#primaryimage\"},\"image\":{\"@id\":\"https:\/\/bicibus.eu\/contactar\/#primaryimage\"},\"thumbnailUrl\":\"https:\/\/bicibus.eu\/wp-content\/uploads\/2023\/03\/IMG20220422090604_BURST001_COVER-scaled-e1683840468910.jpg\",\"datePublished\":\"2023-05-05T22:50:48+00:00\",\"dateModified\":\"2023-05-11T21:27:56+00:00\",\"breadcrumb\":{\"@id\":\"https:\/\/bicibus.eu\/contactar\/#breadcrumb\"},\"inLanguage\":\"en-GB\",\"potentialAction\":[{\"@type\":\"ReadAction\",\"target\":[\"https:\/\/bicibus.eu\/contactar\/\"]}]},{\"@type\":\"ImageObject\",\"inLanguage\":\"en-GB\",\"@id\":\"https:\/\/bicibus.eu\/contactar\/#primaryimage\",\"url\":\"https:\/\/bicibus.eu\/wp-content\/uploads\/2023\/03\/IMG20220422090604_BURST001_COVER-scaled-e1683840468910.jpg\",\"contentUrl\":\"https:\/\/bicibus.eu\/wp-content\/uploads\/2023\/03\/IMG20220422090604_BURST001_COVER-scaled-e1683840468910.jpg\",\"width\":2560,\"height\":985,\"caption\":\"Aparcamiento de bicicletas dentro de una escuela lleno de bicis gracias al bicib\u00fas.\"},{\"@type\":\"BreadcrumbList\",\"@id\":\"https:\/\/bicibus.eu\/contactar\/#breadcrumb\",\"itemListElement\":[{\"@type\":\"ListItem\",\"position\":1,\"name\":\"Portada\",\"item\":\"https:\/\/bicibus.eu\/\"},{\"@type\":\"ListItem\",\"position\":2,\"name\":\"Contactar\"}]},{\"@type\":\"WebSite\",\"@id\":\"https:\/\/bicibus.eu\/es\/#website\",\"url\":\"https:\/\/bicibus.eu\/es\/\",\"name\":\"Bicib\u00fas - Impulsa un bicib\u00fas hacia la escuela\",\"description\":\"Recursos para impulsar un Bicib\u00fas\",\"publisher\":{\"@id\":\"https:\/\/bicibus.eu\/es\/#organization\"},\"alternateName\":\"Bicibus.eu\",\"potentialAction\":[{\"@type\":\"SearchAction\",\"target\":{\"@type\":\"EntryPoint\",\"urlTemplate\":\"https:\/\/bicibus.eu\/es\/?s={search_term_string}\"},\"query-input\":\"required name=search_term_string\"}],\"inLanguage\":\"en-GB\"},{\"@type\":\"Organization\",\"@id\":\"https:\/\/bicibus.eu\/es\/#organization\",\"name\":\"Bicibus.eu\",\"alternateName\":\"Bicib\u00fas Projects Europe\",\"url\":\"https:\/\/bicibus.eu\/es\/\",\"logo\":{\"@type\":\"ImageObject\",\"inLanguage\":\"en-GB\",\"@id\":\"https:\/\/bicibus.eu\/es\/#\/schema\/logo\/image\/\",\"url\":\"https:\/\/bicibus.eu\/wp-content\/uploads\/2023\/03\/bicibus.eu_.png\",\"contentUrl\":\"https:\/\/bicibus.eu\/wp-content\/uploads\/2023\/03\/bicibus.eu_.png\",\"width\":500,\"height\":500,\"caption\":\"Bicibus.eu\"},\"image\":{\"@id\":\"https:\/\/bicibus.eu\/es\/#\/schema\/logo\/image\/\"},\"sameAs\":[\"https:\/\/twitter.com\/bicibus_eu\"]}]}<\/script>\n<!-- \/ Yoast SEO Premium plugin. -->","yoast_head_json":{"title":"Contactar &#187; Bicib\u00fas","robots":{"index":"index","follow":"follow","max-snippet":"max-snippet:-1","max-image-preview":"max-image-preview:large","max-video-preview":"max-video-preview:-1"},"canonical":"https:\/\/bicibus.eu\/en\/contact\/","og_locale":"en_GB","og_type":"article","og_title":"Contactar","og_url":"https:\/\/bicibus.eu\/en\/contact\/","og_site_name":"Bicib\u00fas","article_modified_time":"2023-05-11T21:27:56+00:00","og_image":[{"width":2560,"height":985,"url":"https:\/\/bicibus.eu\/wp-content\/uploads\/2023\/03\/IMG20220422090604_BURST001_COVER-scaled-e1683840468910.jpg","type":"image\/jpeg"}],"twitter_card":"summary_large_image","twitter_site":"@bicibus_eu","schema":{"@context":"https:\/\/schema.org","@graph":[{"@type":"WebPage","@id":"https:\/\/bicibus.eu\/contactar\/","url":"https:\/\/bicibus.eu\/contactar\/","name":"Contactar &#187; Bicib\u00fas","isPartOf":{"@id":"https:\/\/bicibus.eu\/es\/#website"},"primaryImageOfPage":{"@id":"https:\/\/bicibus.eu\/contactar\/#primaryimage"},"image":{"@id":"https:\/\/bicibus.eu\/contactar\/#primaryimage"},"thumbnailUrl":"https:\/\/bicibus.eu\/wp-content\/uploads\/2023\/03\/IMG20220422090604_BURST001_COVER-scaled-e1683840468910.jpg","datePublished":"2023-05-05T22:50:48+00:00","dateModified":"2023-05-11T21:27:56+00:00","breadcrumb":{"@id":"https:\/\/bicibus.eu\/contactar\/#breadcrumb"},"inLanguage":"en-GB","potentialAction":[{"@type":"ReadAction","target":["https:\/\/bicibus.eu\/contactar\/"]}]},{"@type":"ImageObject","inLanguage":"en-GB","@id":"https:\/\/bicibus.eu\/contactar\/#primaryimage","url":"https:\/\/bicibus.eu\/wp-content\/uploads\/2023\/03\/IMG20220422090604_BURST001_COVER-scaled-e1683840468910.jpg","contentUrl":"https:\/\/bicibus.eu\/wp-content\/uploads\/2023\/03\/IMG20220422090604_BURST001_COVER-scaled-e1683840468910.jpg","width":2560,"height":985,"caption":"Aparcamiento de bicicletas dentro de una escuela lleno de bicis gracias al bicib\u00fas."},{"@type":"BreadcrumbList","@id":"https:\/\/bicibus.eu\/contactar\/#breadcrumb","itemListElement":[{"@type":"ListItem","position":1,"name":"Portada","item":"https:\/\/bicibus.eu\/"},{"@type":"ListItem","position":2,"name":"Contactar"}]},{"@type":"WebSite","@id":"https:\/\/bicibus.eu\/es\/#website","url":"https:\/\/bicibus.eu\/es\/","name":"Bicib\u00fas - Impulsa un bicib\u00fas hacia la escuela","description":"Recursos para impulsar un Bicib\u00fas","publisher":{"@id":"https:\/\/bicibus.eu\/es\/#organization"},"alternateName":"Bicibus.eu","potentialAction":[{"@type":"SearchAction","target":{"@type":"EntryPoint","urlTemplate":"https:\/\/bicibus.eu\/es\/?s={search_term_string}"},"query-input":"required name=search_term_string"}],"inLanguage":"en-GB"},{"@type":"Organization","@id":"https:\/\/bicibus.eu\/es\/#organization","name":"Bicibus.eu","alternateName":"Bicib\u00fas Projects Europe","url":"https:\/\/bicibus.eu\/es\/","logo":{"@type":"ImageObject","inLanguage":"en-GB","@id":"https:\/\/bicibus.eu\/es\/#\/schema\/logo\/image\/","url":"https:\/\/bicibus.eu\/wp-content\/uploads\/2023\/03\/bicibus.eu_.png","contentUrl":"https:\/\/bicibus.eu\/wp-content\/uploads\/2023\/03\/bicibus.eu_.png","width":500,"height":500,"caption":"Bicibus.eu"},"image":{"@id":"https:\/\/bicibus.eu\/es\/#\/schema\/logo\/image\/"},"sameAs":["https:\/\/twitter.com\/bicibus_eu"]}]}},"_links":{"self":[{"href":"https:\/\/bicibus.eu\/en\/wp-json\/wp\/v2\/pages\/1587","targetHints":{"allow":["GET"]}}],"collection":[{"href":"https:\/\/bicibus.eu\/en\/wp-json\/wp\/v2\/pages"}],"about":[{"href":"https:\/\/bicibus.eu\/en\/wp-json\/wp\/v2\/types\/page"}],"author":[{"embeddable":true,"href":"https:\/\/bicibus.eu\/en\/wp-json\/wp\/v2\/users\/1"}],"replies":[{"embeddable":true,"href":"https:\/\/bicibus.eu\/en\/wp-json\/wp\/v2\/comments?post=1587"}],"version-history":[{"count":3,"href":"https:\/\/bicibus.eu\/en\/wp-json\/wp\/v2\/pages\/1587\/revisions"}],"predecessor-version":[{"id":1691,"href":"https:\/\/bicibus.eu\/en\/wp-json\/wp\/v2\/pages\/1587\/revisions\/1691"}],"wp:featuredmedia":[{"embeddable":true,"href":"https:\/\/bicibus.eu\/en\/wp-json\/wp\/v2\/media\/376"}],"wp:attachment":[{"href":"https:\/\/bicibus.eu\/en\/wp-json\/wp\/v2\/media?parent=1587"}],"wp:term":[{"taxonomy":"category","embeddable":true,"href":"https:\/\/bicibus.eu\/en\/wp-json\/wp\/v2\/categories?post=1587"},{"taxonomy":"post_tag","embeddable":true,"href":"https:\/\/bicibus.eu\/en\/wp-json\/wp\/v2\/tags?post=1587"}],"curies":[{"name":"wp","href":"https:\/\/api.w.org\/{rel}","templated":true}]}}