{"id":883,"date":"2023-04-14T20:53:05","date_gmt":"2023-04-14T20:53:05","guid":{"rendered":"https:\/\/bicibus.eu\/?page_id=883"},"modified":"2024-04-02T13:10:17","modified_gmt":"2024-04-02T13:10:17","slug":"kit","status":"publish","type":"page","link":"https:\/\/bicibus.eu\/en\/kit\/","title":{"rendered":"The Bike Bus KIT"},"content":{"rendered":"<div class=\"wp-block-group has-background-alt-background-color has-background is-layout-constrained wp-container-core-group-is-layout-feef67a6 wp-block-group-is-layout-constrained\" style=\"border-radius:20px;padding-top:var(--wp--preset--spacing--80);padding-right:var(--wp--preset--spacing--40);padding-bottom:6rem;padding-left:var(--wp--preset--spacing--40)\">\n<div class=\"wp-block-columns are-vertically-aligned-center is-layout-flex wp-container-core-columns-is-layout-28f84493 wp-block-columns-is-layout-flex\">\n<div class=\"wp-block-column is-vertically-aligned-center is-layout-flow wp-block-column-is-layout-flow\">\n<p class=\"has-primary-color has-text-color has-link-color has-medium-font-size wp-elements-3a0c98d1d928e9d0fa3704f14892916d\"><strong>FOR EDUCATIONAL COMMUNITIES<\/strong><\/p>\n\n\n\n<h1 class=\"wp-block-heading has-x-large-font-size\" id=\"h-descarga-el-bicibus-kit-una-guia-paso-a-paso-para-crear-un-bicibus-en-tu-escuela\" style=\"font-style:normal;font-weight:600;line-height:1.2;text-transform:none\">Download the Bicib\u00fas KIT, a step-by-step guide to creating a bike bus at your school.<\/h1>\n\n\n\n<p class=\"has-medium-font-size\">My name is <a href=\"https:\/\/www.linkedin.com\/in\/eduardfolch\/\">Eduard Folch<\/a> and since 2020 I have been living this wonderful bike-bus adventure, helping to start more than 40 bike-bus routes in 30 schools, together with other passionate people.<\/p>\n\n\n\n<p class=\"has-medium-font-size\">I have met incredible people and I have seen hundreds of happy boys and girls on their bikes... And, above all, I have seen <strong>the potential that this project has for our municipalities<\/strong> <strong>be more resilient and active<\/strong>.<br><br>I want to contribute to making it bigger <strong>this diverse movement that belongs to thousands of people<\/strong>, sharing with you a <strong>guide that summarizes the methodology<\/strong> which has served to launch successful bike-bus projects. <\/p>\n\n\n\n<p class=\"has-medium-font-size\"><strong>Thank you for joining the change!<\/strong><\/p>\n\n\n\n<div class=\"wp-block-buttons is-layout-flex wp-block-buttons-is-layout-flex\" style=\"margin-top:var(--wp--preset--spacing--60)\">\n<div class=\"wp-block-button is-style-button-hover-secondary-bgcolor\"><a class=\"wp-block-button__link has-heading-color-background-color has-background wp-element-button\" href=\"#masrecursos\" style=\"border-radius:50px\">Download the guide <img decoding=\"async\" class=\"wp-image-478\" style=\"width: 15px;\" src=\"https:\/\/bicibus.eu\/wp-content\/themes\/fota-agency\/assets\/images\/button_arrow.png\" alt=\"\"><\/a><\/div>\n<\/div>\n\n\n\n<p>* Spanish version available. Soon, updated version in Catalan and English.<\/p>\n<\/div>\n\n\n\n<div class=\"wp-block-column is-vertically-aligned-center is-layout-flow wp-block-column-is-layout-flow\">\n<figure class=\"wp-block-image size-full has-custom-border is-style-fotawp-boxshadow wp-duotone-unset-1\"><img loading=\"lazy\" decoding=\"async\" width=\"1280\" height=\"1828\" src=\"https:\/\/bicibus.eu\/wp-content\/uploads\/2024\/03\/bicibus_kit_pdf.jpg\" alt=\"\" class=\"wp-image-2387\" style=\"border-radius:20px;object-fit:cover\" srcset=\"https:\/\/bicibus.eu\/wp-content\/uploads\/2024\/03\/bicibus_kit_pdf.jpg 1280w, https:\/\/bicibus.eu\/wp-content\/uploads\/2024\/03\/bicibus_kit_pdf-210x300.jpg 210w, https:\/\/bicibus.eu\/wp-content\/uploads\/2024\/03\/bicibus_kit_pdf-717x1024.jpg 717w, https:\/\/bicibus.eu\/wp-content\/uploads\/2024\/03\/bicibus_kit_pdf-768x1097.jpg 768w, https:\/\/bicibus.eu\/wp-content\/uploads\/2024\/03\/bicibus_kit_pdf-1076x1536.jpg 1076w, https:\/\/bicibus.eu\/wp-content\/uploads\/2024\/03\/bicibus_kit_pdf-8x12.jpg 8w\" sizes=\"auto, (max-width: 1280px) 100vw, 1280px\" \/><\/figure>\n<\/div>\n<\/div>\n\n\n\n<div class=\"wp-block-group has-background-background-color has-background is-layout-constrained wp-container-core-group-is-layout-153cb0c2 wp-block-group-is-layout-constrained\" style=\"border-radius:20px;margin-top:var(--wp--preset--spacing--50);margin-bottom:var(--wp--preset--spacing--50);padding-top:var(--wp--preset--spacing--60);padding-right:var(--wp--preset--spacing--50);padding-bottom:var(--wp--preset--spacing--60);padding-left:var(--wp--preset--spacing--50)\">\n<h2 class=\"wp-block-heading has-primary-color has-text-color has-link-color wp-elements-2906635a791d1557e0dc420fdade4ade\" style=\"padding-top:var(--wp--preset--spacing--40);padding-bottom:var(--wp--preset--spacing--40);text-transform:none\">What does the guide include?<\/h2>\n\n\n\n<div class=\"wp-block-columns is-layout-flex wp-container-core-columns-is-layout-5da724a2 wp-block-columns-is-layout-flex\" style=\"margin-top:var(--wp--preset--spacing--40)\">\n<div class=\"wp-block-column is-layout-flow wp-block-column-is-layout-flow\">\n<div class=\"wp-block-group has-background-alt-background-color has-background is-layout-constrained wp-container-core-group-is-layout-02f511e3 wp-block-group-is-layout-constrained\" style=\"border-radius:6px;padding-top:var(--wp--preset--spacing--60);padding-right:var(--wp--preset--spacing--60);padding-bottom:var(--wp--preset--spacing--60);padding-left:var(--wp--preset--spacing--60)\">\n<div class=\"wp-block-group is-nowrap is-layout-flex wp-container-core-group-is-layout-375b6874 wp-block-group-is-layout-flex\" style=\"margin-top:var(--wp--preset--spacing--60)\">\n<div class=\"wp-block-group is-vertical is-layout-flex wp-container-core-group-is-layout-98bb686d wp-block-group-is-layout-flex\">\n<h4 class=\"wp-block-heading\" style=\"text-transform:none\">\u2b50 Introduction to the bike<\/h4>\n\n\n\n<p class=\"has-small-font-size\">What is a Bike Bus?<\/p>\n\n\n\n<p class=\"has-small-font-size\">What bikebus formats are there?<\/p>\n\n\n\n<p class=\"has-small-font-size\">Benefits of a bikebus<\/p>\n<\/div>\n<\/div>\n<\/div>\n<\/div>\n\n\n\n<div class=\"wp-block-column is-layout-flow wp-block-column-is-layout-flow\">\n<div class=\"wp-block-group has-background-alt-background-color has-background is-layout-constrained wp-container-core-group-is-layout-02f511e3 wp-block-group-is-layout-constrained\" style=\"border-radius:6px;padding-top:var(--wp--preset--spacing--60);padding-right:var(--wp--preset--spacing--60);padding-bottom:var(--wp--preset--spacing--60);padding-left:var(--wp--preset--spacing--60)\">\n<div class=\"wp-block-group is-nowrap is-layout-flex wp-container-core-group-is-layout-375b6874 wp-block-group-is-layout-flex\" style=\"margin-top:var(--wp--preset--spacing--60)\">\n<div class=\"wp-block-group is-vertical is-layout-flex wp-container-core-group-is-layout-98bb686d wp-block-group-is-layout-flex\">\n<h4 class=\"wp-block-heading\" style=\"text-transform:none\">\u2b50 Organization to create the bike<\/h4>\n\n\n\n<p class=\"has-small-font-size\">Create the driving group<br>Detect needs and potentialities<br>Analyze the context and environment<br>Define the bike routes<\/p>\n<\/div>\n<\/div>\n<\/div>\n<\/div>\n\n\n\n<div class=\"wp-block-column is-layout-flow wp-block-column-is-layout-flow\">\n<div class=\"wp-block-group has-background-alt-background-color has-background is-layout-constrained wp-container-core-group-is-layout-02f511e3 wp-block-group-is-layout-constrained\" style=\"border-radius:6px;padding-top:var(--wp--preset--spacing--60);padding-right:var(--wp--preset--spacing--60);padding-bottom:var(--wp--preset--spacing--60);padding-left:var(--wp--preset--spacing--60)\">\n<div class=\"wp-block-group is-nowrap is-layout-flex wp-container-core-group-is-layout-375b6874 wp-block-group-is-layout-flex\" style=\"margin-top:var(--wp--preset--spacing--60)\">\n<div class=\"wp-block-group is-vertical is-layout-flex wp-container-core-group-is-layout-98bb686d wp-block-group-is-layout-flex\">\n<h4 class=\"wp-block-heading\" style=\"text-transform:none\">\u2b50 Launch the bike!<\/h4>\n\n\n\n<p class=\"has-small-font-size\">Organize the guide team<br>Training in circulation<br>Communication and promotion<br>The first bikebus \ud83d\ude80<\/p>\n<\/div>\n<\/div>\n<\/div>\n<\/div>\n<\/div>\n\n\n\n<div id=\"masrecursos\" class=\"wp-block-group is-layout-constrained wp-block-group-is-layout-constrained\">\n<h2 class=\"wp-block-heading has-primary-color has-text-color has-link-color wp-elements-a90f8dfe052532616f8cc025ba9c34db\">\ud83d\ude80Download the guide in PDF and access more resources<\/h2>\n\n\n\n<div class=\"wp-block-group is-nowrap is-layout-flex wp-container-core-group-is-layout-bd3f9bef wp-block-group-is-layout-flex\">\n<figure class=\"wp-block-image size-full is-resized has-custom-border\"><img loading=\"lazy\" decoding=\"async\" width=\"400\" height=\"400\" src=\"https:\/\/bicibus.eu\/wp-content\/uploads\/2024\/03\/efolch.jpg\" alt=\"\" class=\"wp-image-2413\" style=\"border-radius:100px;width:160px\" srcset=\"https:\/\/bicibus.eu\/wp-content\/uploads\/2024\/03\/efolch.jpg 400w, https:\/\/bicibus.eu\/wp-content\/uploads\/2024\/03\/efolch-300x300.jpg 300w, https:\/\/bicibus.eu\/wp-content\/uploads\/2024\/03\/efolch-150x150.jpg 150w, https:\/\/bicibus.eu\/wp-content\/uploads\/2024\/03\/efolch-12x12.jpg 12w\" sizes=\"auto, (max-width: 400px) 100vw, 400px\" \/><\/figure>\n\n\n\n<p class=\"has-medium-font-size\">If you leave me your email, <strong>I will send you the Bicib\u00fas KIT guide in PDF<\/strong>. <br><br>And if you wish, I'll get in touch with you<strong> to send you more resources that can help you set up a bike bus<\/strong> in your community. I will soon conduct an <strong>online webinar<\/strong> and I offer <strong>talks at your school<\/strong>, conduct a <strong>personalized session to clarify doubts<\/strong> (responsibilities, insurance...), help <strong>define<\/strong> bike bus routes, provide <strong>training in circulation<\/strong> and <strong>access to the Bike Bus APP<\/strong>:<br><\/p>\n<\/div>\n\n\n\n<div class=\"wpforms-container wpforms-container-full wpforms-render-modern\" id=\"wpforms-1871\"><form id=\"wpforms-form-1871\" class=\"wpforms-validate wpforms-form wpforms-ajax-form\" data-formid=\"1871\" method=\"post\" enctype=\"multipart\/form-data\" action=\"\/en\/wp-json\/wp\/v2\/pages\/883\" data-token=\"08a810ba1abe81eb6891ce2f0190d70e\" data-token-time=\"1776343631\" data-trp-original-action=\"\/en\/wp-json\/wp\/v2\/pages\/883\"><noscript class=\"wpforms-error-noscript\">Please enable JavaScript in your browser to complete this form.<\/noscript><div class=\"wpforms-hidden\" id=\"wpforms-error-noscript\">Please enable JavaScript in your browser to complete this form.<\/div><div class=\"wpforms-field-container\"><div id=\"wpforms-1871-field_1-container\" class=\"wpforms-field wpforms-field-text\" data-field-id=\"1\"><label class=\"wpforms-field-label\" for=\"wpforms-1871-field_1\">Your name <span class=\"wpforms-required-label\" aria-hidden=\"true\">*<\/span><\/label><input type=\"text\" id=\"wpforms-1871-field_1\" class=\"wpforms-field-medium wpforms-field-required\" name=\"wpforms[fields][1]\" aria-errormessage=\"wpforms-1871-field_1-error\" required><\/div><div id=\"wpforms-1871-field_3-container\" class=\"wpforms-field wpforms-field-email\" data-field-id=\"3\"><label class=\"wpforms-field-label\" for=\"wpforms-1871-field_3\">Email <span class=\"wpforms-required-label\" aria-hidden=\"true\">*<\/span><\/label><input type=\"email\" id=\"wpforms-1871-field_3\" class=\"wpforms-field-medium wpforms-field-required\" name=\"wpforms[fields][3]\" spellcheck=\"false\" aria-errormessage=\"wpforms-1871-field_3-error\" required><\/div><div id=\"wpforms-1871-field_7-container\" class=\"wpforms-field wpforms-field-checkbox\" data-field-id=\"7\"><fieldset><legend class=\"wpforms-field-label wpforms-label-hide\" aria-hidden=\"false\">Receive more<\/legend><ul id=\"wpforms-1871-field_7\"><li class=\"choice-1 depth-1\"><input type=\"checkbox\" id=\"wpforms-1871-field_7_1\" name=\"wpforms[fields][7][]\" value=\"Me gustar\u00eda recibir correos con recursos e informaci\u00f3n para crear un bicib\u00fas.\" aria-errormessage=\"wpforms-1871-field_7_1-error\"  ><label class=\"wpforms-field-label-inline\" for=\"wpforms-1871-field_7_1\">I would like to receive emails with resources and information to create a bike bus.<\/label><\/li><\/ul><\/fieldset><\/div><div id=\"wpforms-1871-field_4-container\" class=\"wpforms-field wpforms-field-checkbox\" data-field-id=\"4\"><fieldset><legend class=\"wpforms-field-label wpforms-label-hide\" aria-hidden=\"false\">Checkboxes <span class=\"wpforms-required-label\" aria-hidden=\"true\">*<\/span><\/legend><ul id=\"wpforms-1871-field_4\" class=\"wpforms-field-required\"><li class=\"choice-1 depth-1\"><input type=\"checkbox\" id=\"wpforms-1871-field_4_1\" name=\"wpforms[fields][4][]\" value=\"Acepto la pol\u00edtica de privacidad\" aria-errormessage=\"wpforms-1871-field_4_1-error\" aria-describedby=\"wpforms-1871-field_4-description\" required><label class=\"wpforms-field-label-inline\" for=\"wpforms-1871-field_4_1\">I accept the Privacy Policy <span class=\"wpforms-required-label\">*<\/span><\/label><\/li><\/ul><div id=\"wpforms-1871-field_4-description\" class=\"wpforms-field-description wpforms-disclaimer-description\">Database owner: Eduard Folch, with DNI 46740600T. Purposes: Send you the guide in PDF, respond to requests and send you information about our services by email.<br \/>\r\nLegitimation: Consent of the interested party.<br \/>\r\nRecipients: No data transfers are planned.<br \/>\r\nRights: You can withdraw your consent at any time, as well as access, rectify, delete your data and other rights at hola@bicibus.eu<br \/>\r\nAdditional information: You can expand the information in the Privacy Policy link.<\/div><\/fieldset><\/div><\/div><!-- .wpforms-field-container --><div class=\"wpforms-submit-container\" ><input type=\"hidden\" name=\"wpforms[id]\" value=\"1871\"><input type=\"hidden\" name=\"page_title\" value=\"\"><input type=\"hidden\" name=\"page_url\" value=\"https:\/\/bicibus.eu\/en\/wp-json\/wp\/v2\/pages\/883\"><button type=\"submit\" name=\"wpforms[submit]\" id=\"wpforms-submit-1871\" class=\"wpforms-submit\" data-alt-text=\"Enviando correo...\" data-submit-text=\"Descargar el Bicib\u00fas KIT\" aria-live=\"assertive\" value=\"wpforms-submit\">Download the Bicibus KIT<\/button><img loading=\"lazy\" decoding=\"async\" src=\"https:\/\/bicibus.eu\/wp-content\/plugins\/wpforms-lite\/assets\/images\/submit-spin.svg\" class=\"wpforms-submit-spinner\" style=\"display: none;\" width=\"26\" height=\"26\" alt=\"loading\"><\/div><input type=\"hidden\" name=\"trp-form-language\" value=\"en\"\/><\/form><\/div>  <!-- .wpforms-container -->\n<\/div>\n<\/div>\n<\/div>","protected":false},"excerpt":{"rendered":"<p>FOR EDUCATIONAL COMMUNITIES Download the Bicib\u00fas KIT, a step-by-step guide to create a bike at your school. I am Eduard Folch and since 2020 I have been living this wonderful adventure...<\/p>","protected":false},"author":1,"featured_media":0,"parent":0,"menu_order":0,"comment_status":"closed","ping_status":"closed","template":"page-full-width","meta":{"_acf_changed":false,"_joinchat":[],"footnotes":""},"categories":[],"tags":[],"class_list":["post-883","page","type-page","status-publish","hentry"],"acf":[],"yoast_head":"<!-- This site is optimized with the Yoast SEO Premium plugin v20.7 (Yoast SEO v22.3) - https:\/\/yoast.com\/wordpress\/plugins\/seo\/ -->\n<title>Bicib\u00fas KIT &#187; Gu\u00eda para crear un bicib\u00fas<\/title>\n<meta name=\"description\" content=\"Bicib\u00fas Kit es una Guia de ayuda para impulsar un bicib\u00fas en tu centro educativo. Incluye audios, recursos y soporte personalizado.\" \/>\n<meta name=\"robots\" content=\"index, follow, max-snippet:-1, max-image-preview:large, max-video-preview:-1\" \/>\n<link rel=\"canonical\" href=\"https:\/\/bicibus.eu\/en\/kit\/\" \/>\n<meta property=\"og:locale\" content=\"en_GB\" \/>\n<meta property=\"og:type\" content=\"article\" \/>\n<meta property=\"og:title\" content=\"Bicib\u00fas KIT\" \/>\n<meta property=\"og:description\" content=\"Bicib\u00fas Kit es una Guia de ayuda para impulsar un bicib\u00fas en tu centro educativo. Incluye audios, recursos y soporte personalizado.\" \/>\n<meta property=\"og:url\" content=\"https:\/\/bicibus.eu\/en\/kit\/\" \/>\n<meta property=\"og:site_name\" content=\"Bicib\u00fas\" \/>\n<meta property=\"article:modified_time\" content=\"2024-04-02T13:10:17+00:00\" \/>\n<meta property=\"og:image\" content=\"https:\/\/bicibus.eu\/wp-content\/themes\/fota-agency\/assets\/images\/button_arrow.png\" \/>\n<meta name=\"twitter:card\" content=\"summary_large_image\" \/>\n<meta name=\"twitter:site\" content=\"@bicibus_eu\" \/>\n<meta name=\"twitter:label1\" content=\"Estimated reading time\" \/>\n\t<meta name=\"twitter:data1\" content=\"3 minutes\" \/>\n<script type=\"application\/ld+json\" class=\"yoast-schema-graph\">{\"@context\":\"https:\/\/schema.org\",\"@graph\":[{\"@type\":\"WebPage\",\"@id\":\"https:\/\/bicibus.eu\/kit\/\",\"url\":\"https:\/\/bicibus.eu\/kit\/\",\"name\":\"Bicib\u00fas KIT &#187; Gu\u00eda para crear un bicib\u00fas\",\"isPartOf\":{\"@id\":\"https:\/\/bicibus.eu\/es\/#website\"},\"primaryImageOfPage\":{\"@id\":\"https:\/\/bicibus.eu\/kit\/#primaryimage\"},\"image\":{\"@id\":\"https:\/\/bicibus.eu\/kit\/#primaryimage\"},\"thumbnailUrl\":\"https:\/\/bicibus.eu\/wp-content\/themes\/fota-agency\/assets\/images\/button_arrow.png\",\"datePublished\":\"2023-04-14T20:53:05+00:00\",\"dateModified\":\"2024-04-02T13:10:17+00:00\",\"description\":\"Bicib\u00fas Kit es una Guia de ayuda para impulsar un bicib\u00fas en tu centro educativo. Incluye audios, recursos y soporte personalizado.\",\"breadcrumb\":{\"@id\":\"https:\/\/bicibus.eu\/kit\/#breadcrumb\"},\"inLanguage\":\"en-GB\",\"potentialAction\":[{\"@type\":\"ReadAction\",\"target\":[\"https:\/\/bicibus.eu\/kit\/\"]}]},{\"@type\":\"ImageObject\",\"inLanguage\":\"en-GB\",\"@id\":\"https:\/\/bicibus.eu\/kit\/#primaryimage\",\"url\":\"https:\/\/bicibus.eu\/wp-content\/themes\/fota-agency\/assets\/images\/button_arrow.png\",\"contentUrl\":\"https:\/\/bicibus.eu\/wp-content\/themes\/fota-agency\/assets\/images\/button_arrow.png\"},{\"@type\":\"BreadcrumbList\",\"@id\":\"https:\/\/bicibus.eu\/kit\/#breadcrumb\",\"itemListElement\":[{\"@type\":\"ListItem\",\"position\":1,\"name\":\"Portada\",\"item\":\"https:\/\/bicibus.eu\/\"},{\"@type\":\"ListItem\",\"position\":2,\"name\":\"Bicib\u00fas KIT\"}]},{\"@type\":\"WebSite\",\"@id\":\"https:\/\/bicibus.eu\/es\/#website\",\"url\":\"https:\/\/bicibus.eu\/es\/\",\"name\":\"Bicib\u00fas - Impulsa un bicib\u00fas hacia la escuela\",\"description\":\"Recursos para impulsar un Bicib\u00fas\",\"publisher\":{\"@id\":\"https:\/\/bicibus.eu\/es\/#organization\"},\"alternateName\":\"Bicibus.eu\",\"potentialAction\":[{\"@type\":\"SearchAction\",\"target\":{\"@type\":\"EntryPoint\",\"urlTemplate\":\"https:\/\/bicibus.eu\/es\/?s={search_term_string}\"},\"query-input\":\"required name=search_term_string\"}],\"inLanguage\":\"en-GB\"},{\"@type\":\"Organization\",\"@id\":\"https:\/\/bicibus.eu\/es\/#organization\",\"name\":\"Bicibus.eu\",\"alternateName\":\"Bicib\u00fas Projects Europe\",\"url\":\"https:\/\/bicibus.eu\/es\/\",\"logo\":{\"@type\":\"ImageObject\",\"inLanguage\":\"en-GB\",\"@id\":\"https:\/\/bicibus.eu\/es\/#\/schema\/logo\/image\/\",\"url\":\"https:\/\/bicibus.eu\/wp-content\/uploads\/2023\/03\/bicibus.eu_.png\",\"contentUrl\":\"https:\/\/bicibus.eu\/wp-content\/uploads\/2023\/03\/bicibus.eu_.png\",\"width\":500,\"height\":500,\"caption\":\"Bicibus.eu\"},\"image\":{\"@id\":\"https:\/\/bicibus.eu\/es\/#\/schema\/logo\/image\/\"},\"sameAs\":[\"https:\/\/twitter.com\/bicibus_eu\"]}]}<\/script>\n<!-- \/ Yoast SEO Premium plugin. -->","yoast_head_json":{"title":"Bicib\u00fas KIT &#187; Gu\u00eda para crear un bicib\u00fas","description":"Bicib\u00fas Kit es una Guia de ayuda para impulsar un bicib\u00fas en tu centro educativo. Incluye audios, recursos y soporte personalizado.","robots":{"index":"index","follow":"follow","max-snippet":"max-snippet:-1","max-image-preview":"max-image-preview:large","max-video-preview":"max-video-preview:-1"},"canonical":"https:\/\/bicibus.eu\/en\/kit\/","og_locale":"en_GB","og_type":"article","og_title":"Bicib\u00fas KIT","og_description":"Bicib\u00fas Kit es una Guia de ayuda para impulsar un bicib\u00fas en tu centro educativo. Incluye audios, recursos y soporte personalizado.","og_url":"https:\/\/bicibus.eu\/en\/kit\/","og_site_name":"Bicib\u00fas","article_modified_time":"2024-04-02T13:10:17+00:00","og_image":[{"url":"https:\/\/bicibus.eu\/wp-content\/themes\/fota-agency\/assets\/images\/button_arrow.png"}],"twitter_card":"summary_large_image","twitter_site":"@bicibus_eu","twitter_misc":{"Estimated reading time":"3 minutes"},"schema":{"@context":"https:\/\/schema.org","@graph":[{"@type":"WebPage","@id":"https:\/\/bicibus.eu\/kit\/","url":"https:\/\/bicibus.eu\/kit\/","name":"Bicib\u00fas KIT &#187; Gu\u00eda para crear un bicib\u00fas","isPartOf":{"@id":"https:\/\/bicibus.eu\/es\/#website"},"primaryImageOfPage":{"@id":"https:\/\/bicibus.eu\/kit\/#primaryimage"},"image":{"@id":"https:\/\/bicibus.eu\/kit\/#primaryimage"},"thumbnailUrl":"https:\/\/bicibus.eu\/wp-content\/themes\/fota-agency\/assets\/images\/button_arrow.png","datePublished":"2023-04-14T20:53:05+00:00","dateModified":"2024-04-02T13:10:17+00:00","description":"Bicib\u00fas Kit es una Guia de ayuda para impulsar un bicib\u00fas en tu centro educativo. Incluye audios, recursos y soporte personalizado.","breadcrumb":{"@id":"https:\/\/bicibus.eu\/kit\/#breadcrumb"},"inLanguage":"en-GB","potentialAction":[{"@type":"ReadAction","target":["https:\/\/bicibus.eu\/kit\/"]}]},{"@type":"ImageObject","inLanguage":"en-GB","@id":"https:\/\/bicibus.eu\/kit\/#primaryimage","url":"https:\/\/bicibus.eu\/wp-content\/themes\/fota-agency\/assets\/images\/button_arrow.png","contentUrl":"https:\/\/bicibus.eu\/wp-content\/themes\/fota-agency\/assets\/images\/button_arrow.png"},{"@type":"BreadcrumbList","@id":"https:\/\/bicibus.eu\/kit\/#breadcrumb","itemListElement":[{"@type":"ListItem","position":1,"name":"Portada","item":"https:\/\/bicibus.eu\/"},{"@type":"ListItem","position":2,"name":"Bicib\u00fas KIT"}]},{"@type":"WebSite","@id":"https:\/\/bicibus.eu\/es\/#website","url":"https:\/\/bicibus.eu\/es\/","name":"Bicib\u00fas - Impulsa un bicib\u00fas hacia la escuela","description":"Recursos para impulsar un Bicib\u00fas","publisher":{"@id":"https:\/\/bicibus.eu\/es\/#organization"},"alternateName":"Bicibus.eu","potentialAction":[{"@type":"SearchAction","target":{"@type":"EntryPoint","urlTemplate":"https:\/\/bicibus.eu\/es\/?s={search_term_string}"},"query-input":"required name=search_term_string"}],"inLanguage":"en-GB"},{"@type":"Organization","@id":"https:\/\/bicibus.eu\/es\/#organization","name":"Bicibus.eu","alternateName":"Bicib\u00fas Projects Europe","url":"https:\/\/bicibus.eu\/es\/","logo":{"@type":"ImageObject","inLanguage":"en-GB","@id":"https:\/\/bicibus.eu\/es\/#\/schema\/logo\/image\/","url":"https:\/\/bicibus.eu\/wp-content\/uploads\/2023\/03\/bicibus.eu_.png","contentUrl":"https:\/\/bicibus.eu\/wp-content\/uploads\/2023\/03\/bicibus.eu_.png","width":500,"height":500,"caption":"Bicibus.eu"},"image":{"@id":"https:\/\/bicibus.eu\/es\/#\/schema\/logo\/image\/"},"sameAs":["https:\/\/twitter.com\/bicibus_eu"]}]}},"_links":{"self":[{"href":"https:\/\/bicibus.eu\/en\/wp-json\/wp\/v2\/pages\/883","targetHints":{"allow":["GET"]}}],"collection":[{"href":"https:\/\/bicibus.eu\/en\/wp-json\/wp\/v2\/pages"}],"about":[{"href":"https:\/\/bicibus.eu\/en\/wp-json\/wp\/v2\/types\/page"}],"author":[{"embeddable":true,"href":"https:\/\/bicibus.eu\/en\/wp-json\/wp\/v2\/users\/1"}],"replies":[{"embeddable":true,"href":"https:\/\/bicibus.eu\/en\/wp-json\/wp\/v2\/comments?post=883"}],"version-history":[{"count":60,"href":"https:\/\/bicibus.eu\/en\/wp-json\/wp\/v2\/pages\/883\/revisions"}],"predecessor-version":[{"id":2601,"href":"https:\/\/bicibus.eu\/en\/wp-json\/wp\/v2\/pages\/883\/revisions\/2601"}],"wp:attachment":[{"href":"https:\/\/bicibus.eu\/en\/wp-json\/wp\/v2\/media?parent=883"}],"wp:term":[{"taxonomy":"category","embeddable":true,"href":"https:\/\/bicibus.eu\/en\/wp-json\/wp\/v2\/categories?post=883"},{"taxonomy":"post_tag","embeddable":true,"href":"https:\/\/bicibus.eu\/en\/wp-json\/wp\/v2\/tags?post=883"}],"curies":[{"name":"wp","href":"https:\/\/api.w.org\/{rel}","templated":true}]}}