{"id":1440,"date":"2023-04-24T10:42:54","date_gmt":"2023-04-24T10:42:54","guid":{"rendered":"https:\/\/bicibus.eu\/?page_id=1440"},"modified":"2024-03-31T13:30:19","modified_gmt":"2024-03-31T13:30:19","slug":"sobre-nosotros","status":"publish","type":"page","link":"https:\/\/bicibus.eu\/es\/sobre-nosotros\/","title":{"rendered":"Acerca de bicibus.eu"},"content":{"rendered":"\n<div class=\"wp-block-group is-layout-constrained wp-container-core-group-is-layout-37a47c1c wp-block-group-is-layout-constrained\" style=\"padding-top:var(--wp--preset--spacing--80);padding-right:var(--wp--preset--spacing--50);padding-bottom:var(--wp--preset--spacing--80);padding-left:var(--wp--preset--spacing--50)\">\n<div class=\"wp-block-columns is-layout-flex wp-container-core-columns-is-layout-28f84493 wp-block-columns-is-layout-flex\">\n<div class=\"wp-block-column is-layout-flow wp-block-column-is-layout-flow\">\n<h1 class=\"wp-block-heading has-text-align-left has-primary-color has-text-color has-link-color wp-elements-0d7a1cc285692cc520f1a47ae8eddb55\" id=\"h-sobre-bicibuslab\" style=\"font-style:normal;font-weight:600;text-transform:none\">Sobre Bicib\u00fasLAB<\/h1>\n<\/div>\n\n\n\n<div class=\"wp-block-column is-layout-flow wp-block-column-is-layout-flow\">\n<p class=\"has-medium-font-size\">Soy <a href=\"https:\/\/www.linkedin.com\/in\/eduardfolch\" target=\"_blank\" rel=\"noreferrer noopener\"><strong>Eduard Folch<\/strong><\/a>. Inspirado por la energ\u00eda de los proyectos de bicib\u00fas en Catalu\u00f1a en los que he colaborado <strong>desde el a\u00f1o 2020<\/strong>, he decidido lanzar <strong>Bicib\u00fasLAB<\/strong>.<\/p>\n<\/div>\n<\/div>\n\n\n\n<div class=\"wp-block-columns is-layout-flex wp-container-core-columns-is-layout-d8190a49 wp-block-columns-is-layout-flex\" style=\"margin-top:var(--wp--preset--spacing--70)\">\n<div class=\"wp-block-column is-layout-flow wp-block-column-is-layout-flow\">\n<div class=\"wp-block-group is-layout-constrained wp-container-core-group-is-layout-92b9201d wp-block-group-is-layout-constrained\">\n<div class=\"wp-block-media-text is-stacked-on-mobile is-vertically-aligned-top\" style=\"grid-template-columns:30% auto\"><figure class=\"wp-block-media-text__media\"><img loading=\"lazy\" decoding=\"async\" width=\"400\" height=\"400\" src=\"https:\/\/bicibus.eu\/wp-content\/uploads\/2024\/03\/efolch.jpg\" alt=\"\" class=\"wp-image-2413 size-full\" srcset=\"https:\/\/bicibus.eu\/wp-content\/uploads\/2024\/03\/efolch.jpg 400w, https:\/\/bicibus.eu\/wp-content\/uploads\/2024\/03\/efolch-300x300.jpg 300w, https:\/\/bicibus.eu\/wp-content\/uploads\/2024\/03\/efolch-150x150.jpg 150w, https:\/\/bicibus.eu\/wp-content\/uploads\/2024\/03\/efolch-12x12.jpg 12w\" sizes=\"auto, (max-width: 400px) 100vw, 400px\" \/><\/figure><div class=\"wp-block-media-text__content\">\n<p class=\"has-medium-font-size\">He contribuido en el <strong>desarrollo de <a href=\"https:\/\/bicibus.eu\/que-ofrecemos\/\">una metodolog\u00eda<\/a> y una <a href=\"https:\/\/bicibus.eu\/app\/\">aplicaci\u00f3n m\u00f3vil<\/a><\/strong> que han permitido el lanzamiento de m\u00e1s de <strong>40 rutas de bicib\u00fas en 30 escuelas<\/strong>. <br><br>No lo he hecho solo. Ha sido en colaboraci\u00f3n con <strong>grandes personas motivadas<\/strong> y de la mano de<strong> miles de familias<\/strong> que est\u00e1n optando por la bicicleta como medio de transporte escolar.<\/p>\n\n\n\n<p class=\"has-medium-font-size\">Actualmente presido la entidad Osona amb Bici y fui uno de los fundadores de Canvis en Cadena. Me mueve el deseo de impulsar proyectos singulares e innovadores de movilidad en bicicleta, generando sinergias y con un enfoque particular en Europa. <\/p>\n\n\n\n<p class=\"has-medium-font-size\">En Bicib\u00fasLAB <strong>formamos un equipo multidisciplinar<\/strong> con <a href=\"https:\/\/cubic.coop\" target=\"_blank\" rel=\"noreferrer noopener\">CUBIC<\/a> y <a href=\"https:\/\/whatif.cat\" target=\"_blank\" rel=\"noreferrer noopener\">WHATIF<\/a>. Nos esforzamos por promover un cambio real en la movilidad urbana. Estamos convencidos de que <strong>a trav\u00e9s del bicib\u00fas podemos extender los beneficios de la movilidad sostenible<\/strong>, animando a las familias y a las comunidades a adoptar la bicicleta en su d\u00eda a d\u00eda, contribuyendo as\u00ed a ciudades m\u00e1s limpias y saludables.<\/p>\n\n\n\n<div class=\"wp-block-group is-nowrap is-layout-flex wp-container-core-group-is-layout-6c531013 wp-block-group-is-layout-flex\">\n<figure class=\"wp-block-image size-full is-resized\"><img loading=\"lazy\" decoding=\"async\" width=\"440\" height=\"248\" src=\"https:\/\/bicibus.eu\/wp-content\/uploads\/2023\/04\/cubic_cooperativa-edited.png\" alt=\"\" class=\"wp-image-794\" style=\"width:200px\" srcset=\"https:\/\/bicibus.eu\/wp-content\/uploads\/2023\/04\/cubic_cooperativa-edited.png 440w, https:\/\/bicibus.eu\/wp-content\/uploads\/2023\/04\/cubic_cooperativa-edited-300x169.png 300w\" sizes=\"auto, (max-width: 440px) 100vw, 440px\" \/><\/figure>\n\n\n\n<figure class=\"wp-block-image size-full is-resized\"><img loading=\"lazy\" decoding=\"async\" width=\"440\" height=\"248\" src=\"https:\/\/bicibus.eu\/wp-content\/uploads\/2023\/04\/whatif-2-edited.png\" alt=\"\" class=\"wp-image-793\" style=\"width:200px\" srcset=\"https:\/\/bicibus.eu\/wp-content\/uploads\/2023\/04\/whatif-2-edited.png 440w, https:\/\/bicibus.eu\/wp-content\/uploads\/2023\/04\/whatif-2-edited-300x169.png 300w\" sizes=\"auto, (max-width: 440px) 100vw, 440px\" \/><\/figure>\n<\/div>\n<\/div><\/div>\n<\/div>\n<\/div>\n<\/div>\n<\/div>\n","protected":false},"excerpt":{"rendered":"<p>Sobre Bicib\u00fasLAB Soy Eduard Folch. Inspirado por la energ\u00eda de los proyectos de bicib\u00fas en Catalu\u00f1a en los que he colaborado desde el a\u00f1o 2020, he decidido lanzar Bicib\u00fasLAB&#8230;.<\/p>\n","protected":false},"author":1,"featured_media":1335,"parent":0,"menu_order":0,"comment_status":"closed","ping_status":"closed","template":"page-full-width","meta":{"_acf_changed":false,"_joinchat":[],"footnotes":""},"categories":[],"tags":[],"class_list":["post-1440","page","type-page","status-publish","has-post-thumbnail","hentry"],"acf":[],"yoast_head":"<!-- This site is optimized with the Yoast SEO Premium plugin v20.7 (Yoast SEO v22.3) - https:\/\/yoast.com\/wordpress\/plugins\/seo\/ -->\n<title>Acerca de bicibus.eu &#187; Bicib\u00fas<\/title>\n<meta name=\"description\" content=\"Eduard Folch y un equipo multidisciplinar impulsan el proyecto Bicib\u00fas en Catalunya y Europa. Fue fundador de Canvis en Cadena.\" \/>\n<meta name=\"robots\" content=\"index, follow, max-snippet:-1, max-image-preview:large, max-video-preview:-1\" \/>\n<link rel=\"canonical\" href=\"https:\/\/bicibus.eu\/es\/sobre-nosotros\/\" \/>\n<meta property=\"og:locale\" content=\"es_ES\" \/>\n<meta property=\"og:type\" content=\"article\" \/>\n<meta property=\"og:title\" content=\"Acerca de bicibus.eu\" \/>\n<meta property=\"og:description\" content=\"Eduard Folch y un equipo multidisciplinar impulsan el proyecto Bicib\u00fas en Catalunya y Europa. Fue fundador de Canvis en Cadena.\" \/>\n<meta property=\"og:url\" content=\"https:\/\/bicibus.eu\/es\/sobre-nosotros\/\" \/>\n<meta property=\"og:site_name\" content=\"Bicib\u00fas\" \/>\n<meta property=\"article:modified_time\" content=\"2024-03-31T13:30:19+00:00\" \/>\n<meta property=\"og:image\" content=\"https:\/\/bicibus.eu\/wp-content\/uploads\/2023\/04\/IMG_20190112_151040-edited-scaled.jpg\" \/>\n\t<meta property=\"og:image:width\" content=\"2560\" \/>\n\t<meta property=\"og:image:height\" content=\"1440\" \/>\n\t<meta property=\"og:image:type\" content=\"image\/jpeg\" \/>\n<meta name=\"twitter:card\" content=\"summary_large_image\" \/>\n<meta name=\"twitter:site\" content=\"@bicibus_eu\" \/>\n<meta name=\"twitter:label1\" content=\"Tiempo de lectura\" \/>\n\t<meta name=\"twitter:data1\" content=\"2 minutos\" \/>\n<script type=\"application\/ld+json\" class=\"yoast-schema-graph\">{\"@context\":\"https:\/\/schema.org\",\"@graph\":[{\"@type\":\"WebPage\",\"@id\":\"https:\/\/bicibus.eu\/sobre-nosotros\/\",\"url\":\"https:\/\/bicibus.eu\/sobre-nosotros\/\",\"name\":\"Acerca de bicibus.eu &#187; Bicib\u00fas\",\"isPartOf\":{\"@id\":\"https:\/\/bicibus.eu\/es\/#website\"},\"primaryImageOfPage\":{\"@id\":\"https:\/\/bicibus.eu\/sobre-nosotros\/#primaryimage\"},\"image\":{\"@id\":\"https:\/\/bicibus.eu\/sobre-nosotros\/#primaryimage\"},\"thumbnailUrl\":\"https:\/\/bicibus.eu\/wp-content\/uploads\/2023\/04\/IMG_20190112_151040-edited-scaled.jpg\",\"datePublished\":\"2023-04-24T10:42:54+00:00\",\"dateModified\":\"2024-03-31T13:30:19+00:00\",\"description\":\"Eduard Folch y un equipo multidisciplinar impulsan el proyecto Bicib\u00fas en Catalunya y Europa. Fue fundador de Canvis en Cadena.\",\"breadcrumb\":{\"@id\":\"https:\/\/bicibus.eu\/sobre-nosotros\/#breadcrumb\"},\"inLanguage\":\"es\",\"potentialAction\":[{\"@type\":\"ReadAction\",\"target\":[\"https:\/\/bicibus.eu\/sobre-nosotros\/\"]}]},{\"@type\":\"ImageObject\",\"inLanguage\":\"es\",\"@id\":\"https:\/\/bicibus.eu\/sobre-nosotros\/#primaryimage\",\"url\":\"https:\/\/bicibus.eu\/wp-content\/uploads\/2023\/04\/IMG_20190112_151040-edited-scaled.jpg\",\"contentUrl\":\"https:\/\/bicibus.eu\/wp-content\/uploads\/2023\/04\/IMG_20190112_151040-edited-scaled.jpg\",\"width\":2560,\"height\":1440,\"caption\":\"Eduard Folch en bicicleta, ex fundador de Canvis en Cadena.\"},{\"@type\":\"BreadcrumbList\",\"@id\":\"https:\/\/bicibus.eu\/sobre-nosotros\/#breadcrumb\",\"itemListElement\":[{\"@type\":\"ListItem\",\"position\":1,\"name\":\"Portada\",\"item\":\"https:\/\/bicibus.eu\/\"},{\"@type\":\"ListItem\",\"position\":2,\"name\":\"Acerca de bicibus.eu\"}]},{\"@type\":\"WebSite\",\"@id\":\"https:\/\/bicibus.eu\/es\/#website\",\"url\":\"https:\/\/bicibus.eu\/es\/\",\"name\":\"Bicib\u00fas - Impulsa un bicib\u00fas hacia la escuela\",\"description\":\"Recursos para impulsar un Bicib\u00fas\",\"publisher\":{\"@id\":\"https:\/\/bicibus.eu\/es\/#organization\"},\"alternateName\":\"Bicibus.eu\",\"potentialAction\":[{\"@type\":\"SearchAction\",\"target\":{\"@type\":\"EntryPoint\",\"urlTemplate\":\"https:\/\/bicibus.eu\/es\/?s={search_term_string}\"},\"query-input\":\"required name=search_term_string\"}],\"inLanguage\":\"es\"},{\"@type\":\"Organization\",\"@id\":\"https:\/\/bicibus.eu\/es\/#organization\",\"name\":\"Bicibus.eu\",\"alternateName\":\"Bicib\u00fas Projects Europe\",\"url\":\"https:\/\/bicibus.eu\/es\/\",\"logo\":{\"@type\":\"ImageObject\",\"inLanguage\":\"es\",\"@id\":\"https:\/\/bicibus.eu\/es\/#\/schema\/logo\/image\/\",\"url\":\"https:\/\/bicibus.eu\/wp-content\/uploads\/2023\/03\/bicibus.eu_.png\",\"contentUrl\":\"https:\/\/bicibus.eu\/wp-content\/uploads\/2023\/03\/bicibus.eu_.png\",\"width\":500,\"height\":500,\"caption\":\"Bicibus.eu\"},\"image\":{\"@id\":\"https:\/\/bicibus.eu\/es\/#\/schema\/logo\/image\/\"},\"sameAs\":[\"https:\/\/twitter.com\/bicibus_eu\"]}]}<\/script>\n<!-- \/ Yoast SEO Premium plugin. -->","yoast_head_json":{"title":"Acerca de bicibus.eu &#187; Bicib\u00fas","description":"Eduard Folch y un equipo multidisciplinar impulsan el proyecto Bicib\u00fas en Catalunya y Europa. Fue fundador de Canvis en Cadena.","robots":{"index":"index","follow":"follow","max-snippet":"max-snippet:-1","max-image-preview":"max-image-preview:large","max-video-preview":"max-video-preview:-1"},"canonical":"https:\/\/bicibus.eu\/es\/sobre-nosotros\/","og_locale":"es_ES","og_type":"article","og_title":"Acerca de bicibus.eu","og_description":"Eduard Folch y un equipo multidisciplinar impulsan el proyecto Bicib\u00fas en Catalunya y Europa. Fue fundador de Canvis en Cadena.","og_url":"https:\/\/bicibus.eu\/es\/sobre-nosotros\/","og_site_name":"Bicib\u00fas","article_modified_time":"2024-03-31T13:30:19+00:00","og_image":[{"width":2560,"height":1440,"url":"https:\/\/bicibus.eu\/wp-content\/uploads\/2023\/04\/IMG_20190112_151040-edited-scaled.jpg","type":"image\/jpeg"}],"twitter_card":"summary_large_image","twitter_site":"@bicibus_eu","twitter_misc":{"Tiempo de lectura":"2 minutos"},"schema":{"@context":"https:\/\/schema.org","@graph":[{"@type":"WebPage","@id":"https:\/\/bicibus.eu\/sobre-nosotros\/","url":"https:\/\/bicibus.eu\/sobre-nosotros\/","name":"Acerca de bicibus.eu &#187; Bicib\u00fas","isPartOf":{"@id":"https:\/\/bicibus.eu\/es\/#website"},"primaryImageOfPage":{"@id":"https:\/\/bicibus.eu\/sobre-nosotros\/#primaryimage"},"image":{"@id":"https:\/\/bicibus.eu\/sobre-nosotros\/#primaryimage"},"thumbnailUrl":"https:\/\/bicibus.eu\/wp-content\/uploads\/2023\/04\/IMG_20190112_151040-edited-scaled.jpg","datePublished":"2023-04-24T10:42:54+00:00","dateModified":"2024-03-31T13:30:19+00:00","description":"Eduard Folch y un equipo multidisciplinar impulsan el proyecto Bicib\u00fas en Catalunya y Europa. Fue fundador de Canvis en Cadena.","breadcrumb":{"@id":"https:\/\/bicibus.eu\/sobre-nosotros\/#breadcrumb"},"inLanguage":"es","potentialAction":[{"@type":"ReadAction","target":["https:\/\/bicibus.eu\/sobre-nosotros\/"]}]},{"@type":"ImageObject","inLanguage":"es","@id":"https:\/\/bicibus.eu\/sobre-nosotros\/#primaryimage","url":"https:\/\/bicibus.eu\/wp-content\/uploads\/2023\/04\/IMG_20190112_151040-edited-scaled.jpg","contentUrl":"https:\/\/bicibus.eu\/wp-content\/uploads\/2023\/04\/IMG_20190112_151040-edited-scaled.jpg","width":2560,"height":1440,"caption":"Eduard Folch en bicicleta, ex fundador de Canvis en Cadena."},{"@type":"BreadcrumbList","@id":"https:\/\/bicibus.eu\/sobre-nosotros\/#breadcrumb","itemListElement":[{"@type":"ListItem","position":1,"name":"Portada","item":"https:\/\/bicibus.eu\/"},{"@type":"ListItem","position":2,"name":"Acerca de bicibus.eu"}]},{"@type":"WebSite","@id":"https:\/\/bicibus.eu\/es\/#website","url":"https:\/\/bicibus.eu\/es\/","name":"Bicib\u00fas - Impulsa un bicib\u00fas hacia la escuela","description":"Recursos para impulsar un Bicib\u00fas","publisher":{"@id":"https:\/\/bicibus.eu\/es\/#organization"},"alternateName":"Bicibus.eu","potentialAction":[{"@type":"SearchAction","target":{"@type":"EntryPoint","urlTemplate":"https:\/\/bicibus.eu\/es\/?s={search_term_string}"},"query-input":"required name=search_term_string"}],"inLanguage":"es"},{"@type":"Organization","@id":"https:\/\/bicibus.eu\/es\/#organization","name":"Bicibus.eu","alternateName":"Bicib\u00fas Projects Europe","url":"https:\/\/bicibus.eu\/es\/","logo":{"@type":"ImageObject","inLanguage":"es","@id":"https:\/\/bicibus.eu\/es\/#\/schema\/logo\/image\/","url":"https:\/\/bicibus.eu\/wp-content\/uploads\/2023\/03\/bicibus.eu_.png","contentUrl":"https:\/\/bicibus.eu\/wp-content\/uploads\/2023\/03\/bicibus.eu_.png","width":500,"height":500,"caption":"Bicibus.eu"},"image":{"@id":"https:\/\/bicibus.eu\/es\/#\/schema\/logo\/image\/"},"sameAs":["https:\/\/twitter.com\/bicibus_eu"]}]}},"_links":{"self":[{"href":"https:\/\/bicibus.eu\/es\/wp-json\/wp\/v2\/pages\/1440","targetHints":{"allow":["GET"]}}],"collection":[{"href":"https:\/\/bicibus.eu\/es\/wp-json\/wp\/v2\/pages"}],"about":[{"href":"https:\/\/bicibus.eu\/es\/wp-json\/wp\/v2\/types\/page"}],"author":[{"embeddable":true,"href":"https:\/\/bicibus.eu\/es\/wp-json\/wp\/v2\/users\/1"}],"replies":[{"embeddable":true,"href":"https:\/\/bicibus.eu\/es\/wp-json\/wp\/v2\/comments?post=1440"}],"version-history":[{"count":23,"href":"https:\/\/bicibus.eu\/es\/wp-json\/wp\/v2\/pages\/1440\/revisions"}],"predecessor-version":[{"id":2590,"href":"https:\/\/bicibus.eu\/es\/wp-json\/wp\/v2\/pages\/1440\/revisions\/2590"}],"wp:featuredmedia":[{"embeddable":true,"href":"https:\/\/bicibus.eu\/es\/wp-json\/wp\/v2\/media\/1335"}],"wp:attachment":[{"href":"https:\/\/bicibus.eu\/es\/wp-json\/wp\/v2\/media?parent=1440"}],"wp:term":[{"taxonomy":"category","embeddable":true,"href":"https:\/\/bicibus.eu\/es\/wp-json\/wp\/v2\/categories?post=1440"},{"taxonomy":"post_tag","embeddable":true,"href":"https:\/\/bicibus.eu\/es\/wp-json\/wp\/v2\/tags?post=1440"}],"curies":[{"name":"wp","href":"https:\/\/api.w.org\/{rel}","templated":true}]}}