{"id":1570,"date":"2023-05-05T21:47:26","date_gmt":"2023-05-05T21:47:26","guid":{"rendered":"https:\/\/bicibus.eu\/?page_id=1570"},"modified":"2023-05-05T21:47:28","modified_gmt":"2023-05-05T21:47:28","slug":"politica-de-privacidad","status":"publish","type":"page","link":"https:\/\/bicibus.eu\/es\/politica-de-privacidad\/","title":{"rendered":"Pol\u00edtica de privacidad"},"content":{"rendered":"\n<p>Pol\u00edtica de privacidad Su privacidad y seguridad son importantes para nosotros. A continuaci\u00f3n, le explicamos qu\u00e9 datos personales recopilamos de nuestros usuarios y c\u00f3mo los utilizamos. Es importante destacar que esta Pol\u00edtica de Privacidad podr\u00eda variar en funci\u00f3n de exigencias legislativas o de autorregulaci\u00f3n, por lo que se aconseja a los usuarios que la visiten peri\u00f3dicamente.<\/p>\n\n\n\n<p>\u00bfQui\u00e9n es el responsable del tratamiento de sus datos? Eduard Folch con NIF 46740600T y con direcci\u00f3n en Carrer Mol\u00ed d\u2019Acenc\u00f3, 24, Tagamanent, Provincia de Barcelona, les informa que los datos de car\u00e1cter personal que nos proporcionen ser\u00e1n tratados conforme al Reglamento 2016\/679 del Parlamento Europeo y del Consejo de 27 de abril de 2016. Para el tratamiento de datos de nuestros usuarios, implementamos todas las medidas t\u00e9cnicas y organizativas de seguridad establecidas en la legislaci\u00f3n vigente.<\/p>\n\n\n\n<p>\u00bfCon qu\u00e9 finalidades trataremos sus datos? Los datos personales ser\u00e1n tratados con la finalidad de gestionar todos los aspectos de la relaci\u00f3n mercantil\/contractual establecida entre las partes. La base jur\u00eddica para estos tratamientos de datos es la ejecuci\u00f3n del contrato o de la relaci\u00f3n existente entre las partes.<\/p>\n\n\n\n<p>Asimismo, sus datos podr\u00e1n ser tratados con la finalidad de remitirle, por cualquier medio incluyendo el electr\u00f3nico, informaci\u00f3n sobre los productos y\/o servicios prestados. La base jur\u00eddica del tratamiento es el inter\u00e9s leg\u00edtimo de mantener informados a sus clientes sobre sus productos y\/o servicios.<\/p>\n\n\n\n<p>\u00bfDurante cu\u00e1nto tiempo conservaremos sus datos? Los datos ser\u00e1n conservados durante el per\u00edodo de vigencia de la relaci\u00f3n entre las partes, una vez finalizada, se conservar\u00e1n, debidamente bloqueados, durante todo el tiempo en que resulte necesaria su conservaci\u00f3n para atender los requerimientos legales aplicables. Este plazo de conservaci\u00f3n se determina en base a la legislaci\u00f3n aplicable en cada momento.<\/p>\n\n\n\n<p>\u00bfCu\u00e1l es la legitimaci\u00f3n para el tratamiento de sus datos? La base legal para el tratamiento de sus datos y las cesiones es la existencia de la relaci\u00f3n mercantil, as\u00ed como el cumplimiento de las posibles obligaciones legales que se deriven.<\/p>\n\n\n\n<p>\u00bfCon qui\u00e9n compartiremos sus datos? Sus datos podr\u00e1n ser comunicados a terceros cuando sea necesario para el correcto desarrollo y control de la relaci\u00f3n entre las partes (por ejemplo, a entidades bancarias) o cuando una ley as\u00ed lo requiera (por ejemplo, a la administraci\u00f3n tributaria).<\/p>\n\n\n\n<p>\u00bfC\u00f3mo protegemos sus datos? Hemos definido pol\u00edticas de seguridad y procedimientos para garantizar la confidencialidad de los datos. Podemos contratar a terceros determinados servicios que puedan suponer el acceso y\/o tratamiento de datos personales, pero, en todo caso, se exige que los terceros cumplan la legislaci\u00f3n vigente y nuestras pol\u00edticas de seguridad, debiendo garantizar el uso de la informaci\u00f3n conforme a las instrucciones que les damos e implantando las medidas t\u00e9cnicas y organizativas apropiadas para garantizar la confidencialidad de la informaci\u00f3n.<\/p>\n\n\n\n<p>\u00bfCu\u00e1les son sus derechos en materia de protecci\u00f3n de datos? De acuerdo con el Reglamento 2016\/679 del Parlamento Europeo y del Consejo de 27 de abril de 2016, usted tiene reconocidos los derechos de acceso, rectificaci\u00f3n,supresi\u00f3n, oposici\u00f3n, limitaci\u00f3n, portabilidad y el derecho a presentar una reclamaci\u00f3n ante las Autoridades de Control. Estos derechos pueden ser ejercidos a trav\u00e9s de correo postal a la direcci\u00f3n Carrer Mol\u00ed d\u2019Avenc\u00f3, 24, Tagamanent, Barcelona o por correo electr\u00f3nico a hola@bicibus.eu. Para ello, deber\u00e1 presentar una solicitud escrita y firmada que contenga los siguientes datos: nombre y apellidos, domicilio a efectos de notificaciones, junto con prueba v\u00e1lida en derecho, como fotocopia del DNI o equivalente, y la petici\u00f3n en la que se concrete la solicitud.<\/p>\n","protected":false},"excerpt":{"rendered":"<p>Pol\u00edtica de privacidad Su privacidad y seguridad son importantes para nosotros. A continuaci\u00f3n, le explicamos qu\u00e9 datos personales recopilamos de nuestros usuarios y c\u00f3mo los utilizamos. Es importante destacar&#8230;<\/p>\n","protected":false},"author":1,"featured_media":0,"parent":0,"menu_order":0,"comment_status":"closed","ping_status":"closed","template":"","meta":{"_acf_changed":false,"_joinchat":[],"footnotes":""},"categories":[],"tags":[],"class_list":["post-1570","page","type-page","status-publish","hentry"],"acf":[],"yoast_head":"<!-- This site is optimized with the Yoast SEO Premium plugin v20.7 (Yoast SEO v22.3) - https:\/\/yoast.com\/wordpress\/plugins\/seo\/ -->\n<title>Pol\u00edtica de privacidad &#187; Bicib\u00fas<\/title>\n<meta name=\"robots\" content=\"index, follow, max-snippet:-1, max-image-preview:large, max-video-preview:-1\" \/>\n<link rel=\"canonical\" href=\"https:\/\/bicibus.eu\/es\/politica-de-privacidad\/\" \/>\n<meta property=\"og:locale\" content=\"es_ES\" \/>\n<meta property=\"og:type\" content=\"article\" \/>\n<meta property=\"og:title\" content=\"Pol\u00edtica de privacidad\" \/>\n<meta property=\"og:description\" content=\"Pol\u00edtica de privacidad Su privacidad y seguridad son importantes para nosotros. A continuaci\u00f3n, le explicamos qu\u00e9 datos personales recopilamos de nuestros usuarios y c\u00f3mo los utilizamos. Es importante destacar...\" \/>\n<meta property=\"og:url\" content=\"https:\/\/bicibus.eu\/es\/politica-de-privacidad\/\" \/>\n<meta property=\"og:site_name\" content=\"Bicib\u00fas\" \/>\n<meta property=\"article:modified_time\" content=\"2023-05-05T21:47:28+00:00\" \/>\n<meta name=\"twitter:card\" content=\"summary_large_image\" \/>\n<meta name=\"twitter:site\" content=\"@bicibus_eu\" \/>\n<meta name=\"twitter:label1\" content=\"Tiempo de lectura\" \/>\n\t<meta name=\"twitter:data1\" content=\"3 minutos\" \/>\n<script type=\"application\/ld+json\" class=\"yoast-schema-graph\">{\"@context\":\"https:\/\/schema.org\",\"@graph\":[{\"@type\":\"WebPage\",\"@id\":\"https:\/\/bicibus.eu\/politica-de-privacidad\/\",\"url\":\"https:\/\/bicibus.eu\/politica-de-privacidad\/\",\"name\":\"Pol\u00edtica de privacidad &#187; Bicib\u00fas\",\"isPartOf\":{\"@id\":\"https:\/\/bicibus.eu\/es\/#website\"},\"datePublished\":\"2023-05-05T21:47:26+00:00\",\"dateModified\":\"2023-05-05T21:47:28+00:00\",\"breadcrumb\":{\"@id\":\"https:\/\/bicibus.eu\/politica-de-privacidad\/#breadcrumb\"},\"inLanguage\":\"es\",\"potentialAction\":[{\"@type\":\"ReadAction\",\"target\":[\"https:\/\/bicibus.eu\/politica-de-privacidad\/\"]}]},{\"@type\":\"BreadcrumbList\",\"@id\":\"https:\/\/bicibus.eu\/politica-de-privacidad\/#breadcrumb\",\"itemListElement\":[{\"@type\":\"ListItem\",\"position\":1,\"name\":\"Portada\",\"item\":\"https:\/\/bicibus.eu\/\"},{\"@type\":\"ListItem\",\"position\":2,\"name\":\"Pol\u00edtica de privacidad\"}]},{\"@type\":\"WebSite\",\"@id\":\"https:\/\/bicibus.eu\/es\/#website\",\"url\":\"https:\/\/bicibus.eu\/es\/\",\"name\":\"Bicib\u00fas - Impulsa un bicib\u00fas hacia la escuela\",\"description\":\"Recursos para impulsar un Bicib\u00fas\",\"publisher\":{\"@id\":\"https:\/\/bicibus.eu\/es\/#organization\"},\"alternateName\":\"Bicibus.eu\",\"potentialAction\":[{\"@type\":\"SearchAction\",\"target\":{\"@type\":\"EntryPoint\",\"urlTemplate\":\"https:\/\/bicibus.eu\/es\/?s={search_term_string}\"},\"query-input\":\"required name=search_term_string\"}],\"inLanguage\":\"es\"},{\"@type\":\"Organization\",\"@id\":\"https:\/\/bicibus.eu\/es\/#organization\",\"name\":\"Bicibus.eu\",\"alternateName\":\"Bicib\u00fas Projects Europe\",\"url\":\"https:\/\/bicibus.eu\/es\/\",\"logo\":{\"@type\":\"ImageObject\",\"inLanguage\":\"es\",\"@id\":\"https:\/\/bicibus.eu\/es\/#\/schema\/logo\/image\/\",\"url\":\"https:\/\/bicibus.eu\/wp-content\/uploads\/2023\/03\/bicibus.eu_.png\",\"contentUrl\":\"https:\/\/bicibus.eu\/wp-content\/uploads\/2023\/03\/bicibus.eu_.png\",\"width\":500,\"height\":500,\"caption\":\"Bicibus.eu\"},\"image\":{\"@id\":\"https:\/\/bicibus.eu\/es\/#\/schema\/logo\/image\/\"},\"sameAs\":[\"https:\/\/twitter.com\/bicibus_eu\"]}]}<\/script>\n<!-- \/ Yoast SEO Premium plugin. -->","yoast_head_json":{"title":"Pol\u00edtica de privacidad &#187; Bicib\u00fas","robots":{"index":"index","follow":"follow","max-snippet":"max-snippet:-1","max-image-preview":"max-image-preview:large","max-video-preview":"max-video-preview:-1"},"canonical":"https:\/\/bicibus.eu\/es\/politica-de-privacidad\/","og_locale":"es_ES","og_type":"article","og_title":"Pol\u00edtica de privacidad","og_description":"Pol\u00edtica de privacidad Su privacidad y seguridad son importantes para nosotros. A continuaci\u00f3n, le explicamos qu\u00e9 datos personales recopilamos de nuestros usuarios y c\u00f3mo los utilizamos. Es importante destacar...","og_url":"https:\/\/bicibus.eu\/es\/politica-de-privacidad\/","og_site_name":"Bicib\u00fas","article_modified_time":"2023-05-05T21:47:28+00:00","twitter_card":"summary_large_image","twitter_site":"@bicibus_eu","twitter_misc":{"Tiempo de lectura":"3 minutos"},"schema":{"@context":"https:\/\/schema.org","@graph":[{"@type":"WebPage","@id":"https:\/\/bicibus.eu\/politica-de-privacidad\/","url":"https:\/\/bicibus.eu\/politica-de-privacidad\/","name":"Pol\u00edtica de privacidad &#187; Bicib\u00fas","isPartOf":{"@id":"https:\/\/bicibus.eu\/es\/#website"},"datePublished":"2023-05-05T21:47:26+00:00","dateModified":"2023-05-05T21:47:28+00:00","breadcrumb":{"@id":"https:\/\/bicibus.eu\/politica-de-privacidad\/#breadcrumb"},"inLanguage":"es","potentialAction":[{"@type":"ReadAction","target":["https:\/\/bicibus.eu\/politica-de-privacidad\/"]}]},{"@type":"BreadcrumbList","@id":"https:\/\/bicibus.eu\/politica-de-privacidad\/#breadcrumb","itemListElement":[{"@type":"ListItem","position":1,"name":"Portada","item":"https:\/\/bicibus.eu\/"},{"@type":"ListItem","position":2,"name":"Pol\u00edtica de privacidad"}]},{"@type":"WebSite","@id":"https:\/\/bicibus.eu\/es\/#website","url":"https:\/\/bicibus.eu\/es\/","name":"Bicib\u00fas - Impulsa un bicib\u00fas hacia la escuela","description":"Recursos para impulsar un Bicib\u00fas","publisher":{"@id":"https:\/\/bicibus.eu\/es\/#organization"},"alternateName":"Bicibus.eu","potentialAction":[{"@type":"SearchAction","target":{"@type":"EntryPoint","urlTemplate":"https:\/\/bicibus.eu\/es\/?s={search_term_string}"},"query-input":"required name=search_term_string"}],"inLanguage":"es"},{"@type":"Organization","@id":"https:\/\/bicibus.eu\/es\/#organization","name":"Bicibus.eu","alternateName":"Bicib\u00fas Projects Europe","url":"https:\/\/bicibus.eu\/es\/","logo":{"@type":"ImageObject","inLanguage":"es","@id":"https:\/\/bicibus.eu\/es\/#\/schema\/logo\/image\/","url":"https:\/\/bicibus.eu\/wp-content\/uploads\/2023\/03\/bicibus.eu_.png","contentUrl":"https:\/\/bicibus.eu\/wp-content\/uploads\/2023\/03\/bicibus.eu_.png","width":500,"height":500,"caption":"Bicibus.eu"},"image":{"@id":"https:\/\/bicibus.eu\/es\/#\/schema\/logo\/image\/"},"sameAs":["https:\/\/twitter.com\/bicibus_eu"]}]}},"_links":{"self":[{"href":"https:\/\/bicibus.eu\/es\/wp-json\/wp\/v2\/pages\/1570","targetHints":{"allow":["GET"]}}],"collection":[{"href":"https:\/\/bicibus.eu\/es\/wp-json\/wp\/v2\/pages"}],"about":[{"href":"https:\/\/bicibus.eu\/es\/wp-json\/wp\/v2\/types\/page"}],"author":[{"embeddable":true,"href":"https:\/\/bicibus.eu\/es\/wp-json\/wp\/v2\/users\/1"}],"replies":[{"embeddable":true,"href":"https:\/\/bicibus.eu\/es\/wp-json\/wp\/v2\/comments?post=1570"}],"version-history":[{"count":1,"href":"https:\/\/bicibus.eu\/es\/wp-json\/wp\/v2\/pages\/1570\/revisions"}],"predecessor-version":[{"id":1571,"href":"https:\/\/bicibus.eu\/es\/wp-json\/wp\/v2\/pages\/1570\/revisions\/1571"}],"wp:attachment":[{"href":"https:\/\/bicibus.eu\/es\/wp-json\/wp\/v2\/media?parent=1570"}],"wp:term":[{"taxonomy":"category","embeddable":true,"href":"https:\/\/bicibus.eu\/es\/wp-json\/wp\/v2\/categories?post=1570"},{"taxonomy":"post_tag","embeddable":true,"href":"https:\/\/bicibus.eu\/es\/wp-json\/wp\/v2\/tags?post=1570"}],"curies":[{"name":"wp","href":"https:\/\/api.w.org\/{rel}","templated":true}]}}