{"id":883,"date":"2023-04-14T20:53:05","date_gmt":"2023-04-14T20:53:05","guid":{"rendered":"https:\/\/bicibus.eu\/?page_id=883"},"modified":"2024-04-02T13:10:17","modified_gmt":"2024-04-02T13:10:17","slug":"kit","status":"publish","type":"page","link":"https:\/\/bicibus.eu\/es\/kit\/","title":{"rendered":"Bicib\u00fas KIT"},"content":{"rendered":"\n<div class=\"wp-block-group has-background-alt-background-color has-background is-layout-constrained wp-container-core-group-is-layout-feef67a6 wp-block-group-is-layout-constrained\" style=\"border-radius:20px;padding-top:var(--wp--preset--spacing--80);padding-right:var(--wp--preset--spacing--40);padding-bottom:6rem;padding-left:var(--wp--preset--spacing--40)\">\n<div class=\"wp-block-columns are-vertically-aligned-center is-layout-flex wp-container-core-columns-is-layout-28f84493 wp-block-columns-is-layout-flex\">\n<div class=\"wp-block-column is-vertically-aligned-center is-layout-flow wp-block-column-is-layout-flow\">\n<p class=\"has-primary-color has-text-color has-link-color has-medium-font-size wp-elements-3a0c98d1d928e9d0fa3704f14892916d\"><strong>PARA COMUNIDADES EDUCATIVAS<\/strong><\/p>\n\n\n\n<h1 class=\"wp-block-heading has-x-large-font-size\" id=\"h-descarga-el-bicibus-kit-una-guia-paso-a-paso-para-crear-un-bicibus-en-tu-escuela\" style=\"font-style:normal;font-weight:600;line-height:1.2;text-transform:none\">Descarga el Bicib\u00fas KIT, una gu\u00eda paso a paso para crear un bicib\u00fas en tu escuela.<\/h1>\n\n\n\n<p class=\"has-medium-font-size\">Soy <a href=\"https:\/\/www.linkedin.com\/in\/eduardfolch\/\">Eduard Folch<\/a> y desde 2020 vivo esta maravillosa aventura del bicib\u00fas, ayudando a iniciar m\u00e1s de 40 rutas de bicib\u00fas en 30 escuelas, junto con otras personas apasionadas.<\/p>\n\n\n\n<p class=\"has-medium-font-size\">He conocido gente incre\u00edble y he visto a cientos de ni\u00f1os y ni\u00f1as felices en sus bicis&#8230; Y, sobre todo, he comprobado <strong>el potencial que tiene este proyecto para que nuestros municipios<\/strong> <strong>sean m\u00e1s resilientes y activos<\/strong>.<br><br>Quiero contribuir a hacer m\u00e1s grande <strong>este movimiento diverso y que pertenece a miles de personas<\/strong>, compartiendo contigo una <strong>gu\u00eda que resume la metodolog\u00eda<\/strong> que ha servido para lanzar proyectos de bicib\u00fas con \u00e9xito. <\/p>\n\n\n\n<p class=\"has-medium-font-size\"><strong>\u00a1Gracias por sumarte al cambio!<\/strong><\/p>\n\n\n\n<div class=\"wp-block-buttons is-layout-flex wp-block-buttons-is-layout-flex\" style=\"margin-top:var(--wp--preset--spacing--60)\">\n<div class=\"wp-block-button is-style-button-hover-secondary-bgcolor\"><a class=\"wp-block-button__link has-heading-color-background-color has-background wp-element-button\" href=\"#masrecursos\" style=\"border-radius:50px\">Descargar la gu\u00eda <img decoding=\"async\" class=\"wp-image-478\" style=\"width: 15px;\" src=\"https:\/\/bicibus.eu\/wp-content\/themes\/fota-agency\/assets\/images\/button_arrow.png\" alt=\"\"><\/a><\/div>\n<\/div>\n\n\n\n<p>* Disponible versi\u00f3n en espa\u00f1ol. Pronto, versi\u00f3n actualizada en catal\u00e1n e ingl\u00e9s.<\/p>\n<\/div>\n\n\n\n<div class=\"wp-block-column is-vertically-aligned-center is-layout-flow wp-block-column-is-layout-flow\">\n<figure class=\"wp-block-image size-full has-custom-border is-style-fotawp-boxshadow wp-duotone-unset-1\"><img loading=\"lazy\" decoding=\"async\" width=\"1280\" height=\"1828\" src=\"https:\/\/bicibus.eu\/wp-content\/uploads\/2024\/03\/bicibus_kit_pdf.jpg\" alt=\"\" class=\"wp-image-2387\" style=\"border-radius:20px;object-fit:cover\" srcset=\"https:\/\/bicibus.eu\/wp-content\/uploads\/2024\/03\/bicibus_kit_pdf.jpg 1280w, https:\/\/bicibus.eu\/wp-content\/uploads\/2024\/03\/bicibus_kit_pdf-210x300.jpg 210w, https:\/\/bicibus.eu\/wp-content\/uploads\/2024\/03\/bicibus_kit_pdf-717x1024.jpg 717w, https:\/\/bicibus.eu\/wp-content\/uploads\/2024\/03\/bicibus_kit_pdf-768x1097.jpg 768w, https:\/\/bicibus.eu\/wp-content\/uploads\/2024\/03\/bicibus_kit_pdf-1076x1536.jpg 1076w, https:\/\/bicibus.eu\/wp-content\/uploads\/2024\/03\/bicibus_kit_pdf-8x12.jpg 8w\" sizes=\"auto, (max-width: 1280px) 100vw, 1280px\" \/><\/figure>\n<\/div>\n<\/div>\n\n\n\n<div class=\"wp-block-group has-background-background-color has-background is-layout-constrained wp-container-core-group-is-layout-153cb0c2 wp-block-group-is-layout-constrained\" style=\"border-radius:20px;margin-top:var(--wp--preset--spacing--50);margin-bottom:var(--wp--preset--spacing--50);padding-top:var(--wp--preset--spacing--60);padding-right:var(--wp--preset--spacing--50);padding-bottom:var(--wp--preset--spacing--60);padding-left:var(--wp--preset--spacing--50)\">\n<h2 class=\"wp-block-heading has-primary-color has-text-color has-link-color wp-elements-2906635a791d1557e0dc420fdade4ade\" style=\"padding-top:var(--wp--preset--spacing--40);padding-bottom:var(--wp--preset--spacing--40);text-transform:none\">\u00bfQu\u00e9 incluye la gu\u00eda?<\/h2>\n\n\n\n<div class=\"wp-block-columns is-layout-flex wp-container-core-columns-is-layout-5da724a2 wp-block-columns-is-layout-flex\" style=\"margin-top:var(--wp--preset--spacing--40)\">\n<div class=\"wp-block-column is-layout-flow wp-block-column-is-layout-flow\">\n<div class=\"wp-block-group has-background-alt-background-color has-background is-layout-constrained wp-container-core-group-is-layout-02f511e3 wp-block-group-is-layout-constrained\" style=\"border-radius:6px;padding-top:var(--wp--preset--spacing--60);padding-right:var(--wp--preset--spacing--60);padding-bottom:var(--wp--preset--spacing--60);padding-left:var(--wp--preset--spacing--60)\">\n<div class=\"wp-block-group is-nowrap is-layout-flex wp-container-core-group-is-layout-375b6874 wp-block-group-is-layout-flex\" style=\"margin-top:var(--wp--preset--spacing--60)\">\n<div class=\"wp-block-group is-vertical is-layout-flex wp-container-core-group-is-layout-98bb686d wp-block-group-is-layout-flex\">\n<h4 class=\"wp-block-heading\" style=\"text-transform:none\">\u2b50 Introducci\u00f3n al bicib\u00fas<\/h4>\n\n\n\n<p class=\"has-small-font-size\">\u00bfQu\u00e9 es un bicib\u00fas?<\/p>\n\n\n\n<p class=\"has-small-font-size\">\u00bfQu\u00e9 formatos de bicib\u00fas existen?<\/p>\n\n\n\n<p class=\"has-small-font-size\">Beneficios de un bicib\u00fas<\/p>\n<\/div>\n<\/div>\n<\/div>\n<\/div>\n\n\n\n<div class=\"wp-block-column is-layout-flow wp-block-column-is-layout-flow\">\n<div class=\"wp-block-group has-background-alt-background-color has-background is-layout-constrained wp-container-core-group-is-layout-02f511e3 wp-block-group-is-layout-constrained\" style=\"border-radius:6px;padding-top:var(--wp--preset--spacing--60);padding-right:var(--wp--preset--spacing--60);padding-bottom:var(--wp--preset--spacing--60);padding-left:var(--wp--preset--spacing--60)\">\n<div class=\"wp-block-group is-nowrap is-layout-flex wp-container-core-group-is-layout-375b6874 wp-block-group-is-layout-flex\" style=\"margin-top:var(--wp--preset--spacing--60)\">\n<div class=\"wp-block-group is-vertical is-layout-flex wp-container-core-group-is-layout-98bb686d wp-block-group-is-layout-flex\">\n<h4 class=\"wp-block-heading\" style=\"text-transform:none\">\u2b50 Organizaci\u00f3n para crear el bicib\u00fas<\/h4>\n\n\n\n<p class=\"has-small-font-size\">Crear el grupo impulsor<br>Detectar necesidades y potencialidades<br>Analizar el contexto y el entorno<br>Definir las rutas del bicib\u00fas<\/p>\n<\/div>\n<\/div>\n<\/div>\n<\/div>\n\n\n\n<div class=\"wp-block-column is-layout-flow wp-block-column-is-layout-flow\">\n<div class=\"wp-block-group has-background-alt-background-color has-background is-layout-constrained wp-container-core-group-is-layout-02f511e3 wp-block-group-is-layout-constrained\" style=\"border-radius:6px;padding-top:var(--wp--preset--spacing--60);padding-right:var(--wp--preset--spacing--60);padding-bottom:var(--wp--preset--spacing--60);padding-left:var(--wp--preset--spacing--60)\">\n<div class=\"wp-block-group is-nowrap is-layout-flex wp-container-core-group-is-layout-375b6874 wp-block-group-is-layout-flex\" style=\"margin-top:var(--wp--preset--spacing--60)\">\n<div class=\"wp-block-group is-vertical is-layout-flex wp-container-core-group-is-layout-98bb686d wp-block-group-is-layout-flex\">\n<h4 class=\"wp-block-heading\" style=\"text-transform:none\">\u2b50 \u00a1Lanzar el bicib\u00fas!<\/h4>\n\n\n\n<p class=\"has-small-font-size\">Organizar el equipo de gu\u00edas<br>Formaci\u00f3n en circulaci\u00f3n<br>Comunicaci\u00f3n y promoci\u00f3n<br>El primer bicib\u00fas \ud83d\ude80<\/p>\n<\/div>\n<\/div>\n<\/div>\n<\/div>\n<\/div>\n\n\n\n<div id=\"masrecursos\" class=\"wp-block-group is-layout-constrained wp-block-group-is-layout-constrained\">\n<h2 class=\"wp-block-heading has-primary-color has-text-color has-link-color wp-elements-a90f8dfe052532616f8cc025ba9c34db\">\ud83d\ude80Descarga la gu\u00eda en PDF y accede a m\u00e1s recursos<\/h2>\n\n\n\n<div class=\"wp-block-group is-nowrap is-layout-flex wp-container-core-group-is-layout-bd3f9bef wp-block-group-is-layout-flex\">\n<figure class=\"wp-block-image size-full is-resized has-custom-border\"><img loading=\"lazy\" decoding=\"async\" width=\"400\" height=\"400\" src=\"https:\/\/bicibus.eu\/wp-content\/uploads\/2024\/03\/efolch.jpg\" alt=\"\" class=\"wp-image-2413\" style=\"border-radius:100px;width:160px\" srcset=\"https:\/\/bicibus.eu\/wp-content\/uploads\/2024\/03\/efolch.jpg 400w, https:\/\/bicibus.eu\/wp-content\/uploads\/2024\/03\/efolch-300x300.jpg 300w, https:\/\/bicibus.eu\/wp-content\/uploads\/2024\/03\/efolch-150x150.jpg 150w, https:\/\/bicibus.eu\/wp-content\/uploads\/2024\/03\/efolch-12x12.jpg 12w\" sizes=\"auto, (max-width: 400px) 100vw, 400px\" \/><\/figure>\n\n\n\n<p class=\"has-medium-font-size\">Si me dejas tu correo, <strong>te mandar\u00e9 la gu\u00eda Bicib\u00fas KIT en PDF<\/strong>. <br><br>Y si lo deseas, me pondr\u00e9 en contacto contigo<strong> para mandarte m\u00e1s recursos que pueden ayudarte a montar un bicib\u00fas<\/strong> en tu comunidad educativa. Pronto realizar\u00e9 un <strong>webinar online<\/strong> y me ofrezco para dar <strong>charlas en tu colegio<\/strong>, realizar una <strong>sesi\u00f3n personalizada para aclarar dudas<\/strong> (responsabilidades, seguros&#8230;), ayudar a <strong>definir rutas<\/strong> de bicib\u00fas, dar <strong>formaci\u00f3n en circulaci\u00f3n<\/strong> y <strong>acceso a la Bicib\u00fas APP<\/strong>:<br><\/p>\n<\/div>\n\n\n\n<div class=\"wpforms-container wpforms-container-full wpforms-render-modern\" id=\"wpforms-1871\"><form id=\"wpforms-form-1871\" class=\"wpforms-validate wpforms-form wpforms-ajax-form\" data-formid=\"1871\" method=\"post\" enctype=\"multipart\/form-data\" action=\"\/es\/wp-json\/wp\/v2\/pages\/883\" data-token=\"b2e5fd710aa0c5715433b9377d15be90\" data-token-time=\"1776517059\"><noscript class=\"wpforms-error-noscript\">Por favor, activa JavaScript en tu navegador para completar este formulario.<\/noscript><div class=\"wpforms-hidden\" id=\"wpforms-error-noscript\">Por favor, activa JavaScript en tu navegador para completar este formulario.<\/div><div class=\"wpforms-field-container\"><div id=\"wpforms-1871-field_1-container\" class=\"wpforms-field wpforms-field-text\" data-field-id=\"1\"><label class=\"wpforms-field-label\" for=\"wpforms-1871-field_1\">Tu nombre <span class=\"wpforms-required-label\" aria-hidden=\"true\">*<\/span><\/label><input type=\"text\" id=\"wpforms-1871-field_1\" class=\"wpforms-field-medium wpforms-field-required\" name=\"wpforms[fields][1]\" aria-errormessage=\"wpforms-1871-field_1-error\" required><\/div><div id=\"wpforms-1871-field_3-container\" class=\"wpforms-field wpforms-field-email\" data-field-id=\"3\"><label class=\"wpforms-field-label\" for=\"wpforms-1871-field_3\">Correo electr\u00f3nico <span class=\"wpforms-required-label\" aria-hidden=\"true\">*<\/span><\/label><input type=\"email\" id=\"wpforms-1871-field_3\" class=\"wpforms-field-medium wpforms-field-required\" name=\"wpforms[fields][3]\" spellcheck=\"false\" aria-errormessage=\"wpforms-1871-field_3-error\" required><\/div><div id=\"wpforms-1871-field_7-container\" class=\"wpforms-field wpforms-field-checkbox\" data-field-id=\"7\"><fieldset><legend class=\"wpforms-field-label wpforms-label-hide\" aria-hidden=\"false\">Recibir m\u00e1s<\/legend><ul id=\"wpforms-1871-field_7\"><li class=\"choice-1 depth-1\"><input type=\"checkbox\" id=\"wpforms-1871-field_7_1\" name=\"wpforms[fields][7][]\" value=\"Me gustar\u00eda recibir correos con recursos e informaci\u00f3n para crear un bicib\u00fas.\" aria-errormessage=\"wpforms-1871-field_7_1-error\"  ><label class=\"wpforms-field-label-inline\" for=\"wpforms-1871-field_7_1\">Me gustar\u00eda recibir correos con recursos e informaci\u00f3n para crear un bicib\u00fas.<\/label><\/li><\/ul><\/fieldset><\/div><div id=\"wpforms-1871-field_4-container\" class=\"wpforms-field wpforms-field-checkbox\" data-field-id=\"4\"><fieldset><legend class=\"wpforms-field-label wpforms-label-hide\" aria-hidden=\"false\">Casillas de verificaci\u00f3n <span class=\"wpforms-required-label\" aria-hidden=\"true\">*<\/span><\/legend><ul id=\"wpforms-1871-field_4\" class=\"wpforms-field-required\"><li class=\"choice-1 depth-1\"><input type=\"checkbox\" id=\"wpforms-1871-field_4_1\" name=\"wpforms[fields][4][]\" value=\"Acepto la pol\u00edtica de privacidad\" aria-errormessage=\"wpforms-1871-field_4_1-error\" aria-describedby=\"wpforms-1871-field_4-description\" required ><label class=\"wpforms-field-label-inline\" for=\"wpforms-1871-field_4_1\">Acepto la pol\u00edtica de privacidad <span class=\"wpforms-required-label\">*<\/span><\/label><\/li><\/ul><div id=\"wpforms-1871-field_4-description\" class=\"wpforms-field-description wpforms-disclaimer-description\">Propietario de la base de datos: Eduard Folch, con DNI 46740600T. Finalidades: Mandarte la gu\u00eda en PDF, responder a solicitudes y remitirte informaci\u00f3n de nuestros servicios por correo electr\u00f3nico.<br \/>\r\nLegitimaci\u00f3n: Consentimiento del interesado.<br \/>\r\nDestinatarios: No est\u00e1n previstas cesiones de datos.<br \/>\r\nDerechos: Puede retirar su consentimiento en cualquier momento, as\u00ed como acceder, rectificar, suprimir sus datos y dem\u00e1s derechos en hola@bicibus.eu<br \/>\r\nInformaci\u00f3n adicional: Puede ampliar la informaci\u00f3n en el enlace de Pol\u00edtica Privacidad.<\/div><\/fieldset><\/div><\/div><!-- .wpforms-field-container --><div class=\"wpforms-submit-container\" ><input type=\"hidden\" name=\"wpforms[id]\" value=\"1871\"><input type=\"hidden\" name=\"page_title\" value=\"\"><input type=\"hidden\" name=\"page_url\" value=\"https:\/\/bicibus.eu\/es\/wp-json\/wp\/v2\/pages\/883\"><button type=\"submit\" name=\"wpforms[submit]\" id=\"wpforms-submit-1871\" class=\"wpforms-submit\" data-alt-text=\"Enviando correo...\" data-submit-text=\"Descargar el Bicib\u00fas KIT\" aria-live=\"assertive\" value=\"wpforms-submit\">Descargar el Bicib\u00fas KIT<\/button><img loading=\"lazy\" decoding=\"async\" src=\"https:\/\/bicibus.eu\/wp-content\/plugins\/wpforms-lite\/assets\/images\/submit-spin.svg\" class=\"wpforms-submit-spinner\" style=\"display: none;\" width=\"26\" height=\"26\" alt=\"Cargando\"><\/div><\/form><\/div>  <!-- .wpforms-container -->\n<\/div>\n<\/div>\n<\/div>\n","protected":false},"excerpt":{"rendered":"<p>PARA COMUNIDADES EDUCATIVAS Descarga el Bicib\u00fas KIT, una gu\u00eda paso a paso para crear un bicib\u00fas en tu escuela. Soy Eduard Folch y desde 2020 vivo esta maravillosa aventura&#8230;<\/p>\n","protected":false},"author":1,"featured_media":0,"parent":0,"menu_order":0,"comment_status":"closed","ping_status":"closed","template":"page-full-width","meta":{"_acf_changed":false,"_joinchat":[],"footnotes":""},"categories":[],"tags":[],"class_list":["post-883","page","type-page","status-publish","hentry"],"acf":[],"yoast_head":"<!-- This site is optimized with the Yoast SEO Premium plugin v20.7 (Yoast SEO v22.3) - https:\/\/yoast.com\/wordpress\/plugins\/seo\/ -->\n<title>Bicib\u00fas KIT &#187; Gu\u00eda para crear un bicib\u00fas<\/title>\n<meta name=\"description\" content=\"Bicib\u00fas Kit es una Guia de ayuda para impulsar un bicib\u00fas en tu centro educativo. Incluye audios, recursos y soporte personalizado.\" \/>\n<meta name=\"robots\" content=\"index, follow, max-snippet:-1, max-image-preview:large, max-video-preview:-1\" \/>\n<link rel=\"canonical\" href=\"https:\/\/bicibus.eu\/es\/kit\/\" \/>\n<meta property=\"og:locale\" content=\"es_ES\" \/>\n<meta property=\"og:type\" content=\"article\" \/>\n<meta property=\"og:title\" content=\"Bicib\u00fas KIT\" \/>\n<meta property=\"og:description\" content=\"Bicib\u00fas Kit es una Guia de ayuda para impulsar un bicib\u00fas en tu centro educativo. Incluye audios, recursos y soporte personalizado.\" \/>\n<meta property=\"og:url\" content=\"https:\/\/bicibus.eu\/es\/kit\/\" \/>\n<meta property=\"og:site_name\" content=\"Bicib\u00fas\" \/>\n<meta property=\"article:modified_time\" content=\"2024-04-02T13:10:17+00:00\" \/>\n<meta property=\"og:image\" content=\"https:\/\/bicibus.eu\/wp-content\/themes\/fota-agency\/assets\/images\/button_arrow.png\" \/>\n<meta name=\"twitter:card\" content=\"summary_large_image\" \/>\n<meta name=\"twitter:site\" content=\"@bicibus_eu\" \/>\n<meta name=\"twitter:label1\" content=\"Tiempo de lectura\" \/>\n\t<meta name=\"twitter:data1\" content=\"3 minutos\" \/>\n<script type=\"application\/ld+json\" class=\"yoast-schema-graph\">{\"@context\":\"https:\/\/schema.org\",\"@graph\":[{\"@type\":\"WebPage\",\"@id\":\"https:\/\/bicibus.eu\/kit\/\",\"url\":\"https:\/\/bicibus.eu\/kit\/\",\"name\":\"Bicib\u00fas KIT &#187; Gu\u00eda para crear un bicib\u00fas\",\"isPartOf\":{\"@id\":\"https:\/\/bicibus.eu\/es\/#website\"},\"primaryImageOfPage\":{\"@id\":\"https:\/\/bicibus.eu\/kit\/#primaryimage\"},\"image\":{\"@id\":\"https:\/\/bicibus.eu\/kit\/#primaryimage\"},\"thumbnailUrl\":\"https:\/\/bicibus.eu\/wp-content\/themes\/fota-agency\/assets\/images\/button_arrow.png\",\"datePublished\":\"2023-04-14T20:53:05+00:00\",\"dateModified\":\"2024-04-02T13:10:17+00:00\",\"description\":\"Bicib\u00fas Kit es una Guia de ayuda para impulsar un bicib\u00fas en tu centro educativo. Incluye audios, recursos y soporte personalizado.\",\"breadcrumb\":{\"@id\":\"https:\/\/bicibus.eu\/kit\/#breadcrumb\"},\"inLanguage\":\"es\",\"potentialAction\":[{\"@type\":\"ReadAction\",\"target\":[\"https:\/\/bicibus.eu\/kit\/\"]}]},{\"@type\":\"ImageObject\",\"inLanguage\":\"es\",\"@id\":\"https:\/\/bicibus.eu\/kit\/#primaryimage\",\"url\":\"https:\/\/bicibus.eu\/wp-content\/themes\/fota-agency\/assets\/images\/button_arrow.png\",\"contentUrl\":\"https:\/\/bicibus.eu\/wp-content\/themes\/fota-agency\/assets\/images\/button_arrow.png\"},{\"@type\":\"BreadcrumbList\",\"@id\":\"https:\/\/bicibus.eu\/kit\/#breadcrumb\",\"itemListElement\":[{\"@type\":\"ListItem\",\"position\":1,\"name\":\"Portada\",\"item\":\"https:\/\/bicibus.eu\/\"},{\"@type\":\"ListItem\",\"position\":2,\"name\":\"Bicib\u00fas KIT\"}]},{\"@type\":\"WebSite\",\"@id\":\"https:\/\/bicibus.eu\/es\/#website\",\"url\":\"https:\/\/bicibus.eu\/es\/\",\"name\":\"Bicib\u00fas - Impulsa un bicib\u00fas hacia la escuela\",\"description\":\"Recursos para impulsar un Bicib\u00fas\",\"publisher\":{\"@id\":\"https:\/\/bicibus.eu\/es\/#organization\"},\"alternateName\":\"Bicibus.eu\",\"potentialAction\":[{\"@type\":\"SearchAction\",\"target\":{\"@type\":\"EntryPoint\",\"urlTemplate\":\"https:\/\/bicibus.eu\/es\/?s={search_term_string}\"},\"query-input\":\"required name=search_term_string\"}],\"inLanguage\":\"es\"},{\"@type\":\"Organization\",\"@id\":\"https:\/\/bicibus.eu\/es\/#organization\",\"name\":\"Bicibus.eu\",\"alternateName\":\"Bicib\u00fas Projects Europe\",\"url\":\"https:\/\/bicibus.eu\/es\/\",\"logo\":{\"@type\":\"ImageObject\",\"inLanguage\":\"es\",\"@id\":\"https:\/\/bicibus.eu\/es\/#\/schema\/logo\/image\/\",\"url\":\"https:\/\/bicibus.eu\/wp-content\/uploads\/2023\/03\/bicibus.eu_.png\",\"contentUrl\":\"https:\/\/bicibus.eu\/wp-content\/uploads\/2023\/03\/bicibus.eu_.png\",\"width\":500,\"height\":500,\"caption\":\"Bicibus.eu\"},\"image\":{\"@id\":\"https:\/\/bicibus.eu\/es\/#\/schema\/logo\/image\/\"},\"sameAs\":[\"https:\/\/twitter.com\/bicibus_eu\"]}]}<\/script>\n<!-- \/ Yoast SEO Premium plugin. -->","yoast_head_json":{"title":"Bicib\u00fas KIT &#187; Gu\u00eda para crear un bicib\u00fas","description":"Bicib\u00fas Kit es una Guia de ayuda para impulsar un bicib\u00fas en tu centro educativo. Incluye audios, recursos y soporte personalizado.","robots":{"index":"index","follow":"follow","max-snippet":"max-snippet:-1","max-image-preview":"max-image-preview:large","max-video-preview":"max-video-preview:-1"},"canonical":"https:\/\/bicibus.eu\/es\/kit\/","og_locale":"es_ES","og_type":"article","og_title":"Bicib\u00fas KIT","og_description":"Bicib\u00fas Kit es una Guia de ayuda para impulsar un bicib\u00fas en tu centro educativo. Incluye audios, recursos y soporte personalizado.","og_url":"https:\/\/bicibus.eu\/es\/kit\/","og_site_name":"Bicib\u00fas","article_modified_time":"2024-04-02T13:10:17+00:00","og_image":[{"url":"https:\/\/bicibus.eu\/wp-content\/themes\/fota-agency\/assets\/images\/button_arrow.png"}],"twitter_card":"summary_large_image","twitter_site":"@bicibus_eu","twitter_misc":{"Tiempo de lectura":"3 minutos"},"schema":{"@context":"https:\/\/schema.org","@graph":[{"@type":"WebPage","@id":"https:\/\/bicibus.eu\/kit\/","url":"https:\/\/bicibus.eu\/kit\/","name":"Bicib\u00fas KIT &#187; Gu\u00eda para crear un bicib\u00fas","isPartOf":{"@id":"https:\/\/bicibus.eu\/es\/#website"},"primaryImageOfPage":{"@id":"https:\/\/bicibus.eu\/kit\/#primaryimage"},"image":{"@id":"https:\/\/bicibus.eu\/kit\/#primaryimage"},"thumbnailUrl":"https:\/\/bicibus.eu\/wp-content\/themes\/fota-agency\/assets\/images\/button_arrow.png","datePublished":"2023-04-14T20:53:05+00:00","dateModified":"2024-04-02T13:10:17+00:00","description":"Bicib\u00fas Kit es una Guia de ayuda para impulsar un bicib\u00fas en tu centro educativo. Incluye audios, recursos y soporte personalizado.","breadcrumb":{"@id":"https:\/\/bicibus.eu\/kit\/#breadcrumb"},"inLanguage":"es","potentialAction":[{"@type":"ReadAction","target":["https:\/\/bicibus.eu\/kit\/"]}]},{"@type":"ImageObject","inLanguage":"es","@id":"https:\/\/bicibus.eu\/kit\/#primaryimage","url":"https:\/\/bicibus.eu\/wp-content\/themes\/fota-agency\/assets\/images\/button_arrow.png","contentUrl":"https:\/\/bicibus.eu\/wp-content\/themes\/fota-agency\/assets\/images\/button_arrow.png"},{"@type":"BreadcrumbList","@id":"https:\/\/bicibus.eu\/kit\/#breadcrumb","itemListElement":[{"@type":"ListItem","position":1,"name":"Portada","item":"https:\/\/bicibus.eu\/"},{"@type":"ListItem","position":2,"name":"Bicib\u00fas KIT"}]},{"@type":"WebSite","@id":"https:\/\/bicibus.eu\/es\/#website","url":"https:\/\/bicibus.eu\/es\/","name":"Bicib\u00fas - Impulsa un bicib\u00fas hacia la escuela","description":"Recursos para impulsar un Bicib\u00fas","publisher":{"@id":"https:\/\/bicibus.eu\/es\/#organization"},"alternateName":"Bicibus.eu","potentialAction":[{"@type":"SearchAction","target":{"@type":"EntryPoint","urlTemplate":"https:\/\/bicibus.eu\/es\/?s={search_term_string}"},"query-input":"required name=search_term_string"}],"inLanguage":"es"},{"@type":"Organization","@id":"https:\/\/bicibus.eu\/es\/#organization","name":"Bicibus.eu","alternateName":"Bicib\u00fas Projects Europe","url":"https:\/\/bicibus.eu\/es\/","logo":{"@type":"ImageObject","inLanguage":"es","@id":"https:\/\/bicibus.eu\/es\/#\/schema\/logo\/image\/","url":"https:\/\/bicibus.eu\/wp-content\/uploads\/2023\/03\/bicibus.eu_.png","contentUrl":"https:\/\/bicibus.eu\/wp-content\/uploads\/2023\/03\/bicibus.eu_.png","width":500,"height":500,"caption":"Bicibus.eu"},"image":{"@id":"https:\/\/bicibus.eu\/es\/#\/schema\/logo\/image\/"},"sameAs":["https:\/\/twitter.com\/bicibus_eu"]}]}},"_links":{"self":[{"href":"https:\/\/bicibus.eu\/es\/wp-json\/wp\/v2\/pages\/883","targetHints":{"allow":["GET"]}}],"collection":[{"href":"https:\/\/bicibus.eu\/es\/wp-json\/wp\/v2\/pages"}],"about":[{"href":"https:\/\/bicibus.eu\/es\/wp-json\/wp\/v2\/types\/page"}],"author":[{"embeddable":true,"href":"https:\/\/bicibus.eu\/es\/wp-json\/wp\/v2\/users\/1"}],"replies":[{"embeddable":true,"href":"https:\/\/bicibus.eu\/es\/wp-json\/wp\/v2\/comments?post=883"}],"version-history":[{"count":60,"href":"https:\/\/bicibus.eu\/es\/wp-json\/wp\/v2\/pages\/883\/revisions"}],"predecessor-version":[{"id":2601,"href":"https:\/\/bicibus.eu\/es\/wp-json\/wp\/v2\/pages\/883\/revisions\/2601"}],"wp:attachment":[{"href":"https:\/\/bicibus.eu\/es\/wp-json\/wp\/v2\/media?parent=883"}],"wp:term":[{"taxonomy":"category","embeddable":true,"href":"https:\/\/bicibus.eu\/es\/wp-json\/wp\/v2\/categories?post=883"},{"taxonomy":"post_tag","embeddable":true,"href":"https:\/\/bicibus.eu\/es\/wp-json\/wp\/v2\/tags?post=883"}],"curies":[{"name":"wp","href":"https:\/\/api.w.org\/{rel}","templated":true}]}}